{"id":32830,"date":"2023-04-19T08:19:40","date_gmt":"2023-04-19T08:19:40","guid":{"rendered":"https:\/\/casa-excelente.com\/?page_id=32830"},"modified":"2023-07-12T11:16:08","modified_gmt":"2023-07-12T11:16:08","slug":"rechtlicher-hinweis","status":"publish","type":"page","link":"https:\/\/www.casa-excelente.com\/de\/rechtlicher-hinweis\/","title":{"rendered":"Rechtlicher Hinweis"},"content":{"rendered":"\t\t<div data-elementor-type=\"wp-page\" data-elementor-id=\"32830\" class=\"elementor elementor-32830 elementor-32823\">\n\t\t\t\t\t\t\t\t\t<section class=\"elementor-section elementor-top-section elementor-element elementor-element-31936e3f animated-slow elementor-section-content-middle elementor-section-stretched elementor-section-boxed elementor-section-height-default elementor-section-height-default elementor-invisible\" data-id=\"31936e3f\" data-element_type=\"section\" data-settings=\"{&quot;background_background&quot;:&quot;classic&quot;,&quot;animation&quot;:&quot;fadeIn&quot;,&quot;stretch_section&quot;:&quot;section-stretched&quot;,&quot;shape_divider_bottom&quot;:&quot;mountains&quot;}\">\n\t\t\t\t\t\t\t<div class=\"elementor-background-overlay\"><\/div>\n\t\t\t\t\t\t<div class=\"elementor-shape elementor-shape-bottom\" data-negative=\"false\">\n\t\t\t<svg xmlns=\"http:\/\/www.w3.org\/2000\/svg\" viewBox=\"0 0 1000 100\" preserveAspectRatio=\"none\">\n\t<path class=\"elementor-shape-fill\" opacity=\"0.33\" d=\"M473,67.3c-203.9,88.3-263.1-34-320.3,0C66,119.1,0,59.7,0,59.7V0h1000v59.7 c0,0-62.1,26.1-94.9,29.3c-32.8,3.3-62.8-12.3-75.8-22.1C806,49.6,745.3,8.7,694.9,4.7S492.4,59,473,67.3z\"\/>\n\t<path class=\"elementor-shape-fill\" opacity=\"0.66\" d=\"M734,67.3c-45.5,0-77.2-23.2-129.1-39.1c-28.6-8.7-150.3-10.1-254,39.1 s-91.7-34.4-149.2,0C115.7,118.3,0,39.8,0,39.8V0h1000v36.5c0,0-28.2-18.5-92.1-18.5C810.2,18.1,775.7,67.3,734,67.3z\"\/>\n\t<path class=\"elementor-shape-fill\" d=\"M766.1,28.9c-200-57.5-266,65.5-395.1,19.5C242,1.8,242,5.4,184.8,20.6C128,35.8,132.3,44.9,89.9,52.5C28.6,63.7,0,0,0,0 h1000c0,0-9.9,40.9-83.6,48.1S829.6,47,766.1,28.9z\"\/>\n<\/svg>\t\t<\/div>\n\t\t\t\t\t<div class=\"elementor-container elementor-column-gap-no\">\n\t\t\t\t\t<div class=\"elementor-column elementor-col-100 elementor-top-column elementor-element elementor-element-5a0e78e0\" data-id=\"5a0e78e0\" data-element_type=\"column\" data-settings=\"{&quot;background_background&quot;:&quot;classic&quot;}\">\n\t\t\t<div class=\"elementor-widget-wrap elementor-element-populated\">\n\t\t\t\t\t\t\t\t<div class=\"elementor-element elementor-element-3c9de0ae elementor-widget elementor-widget-heading\" data-id=\"3c9de0ae\" data-element_type=\"widget\" data-widget_type=\"heading.default\">\n\t\t\t\t<div class=\"elementor-widget-container\">\n\t\t\t<style>\/*! elementor - v3.15.0 - 09-08-2023 *\/\n.elementor-heading-title{padding:0;margin:0;line-height:1}.elementor-widget-heading .elementor-heading-title[class*=elementor-size-]>a{color:inherit;font-size:inherit;line-height:inherit}.elementor-widget-heading .elementor-heading-title.elementor-size-small{font-size:15px}.elementor-widget-heading .elementor-heading-title.elementor-size-medium{font-size:19px}.elementor-widget-heading .elementor-heading-title.elementor-size-large{font-size:29px}.elementor-widget-heading .elementor-heading-title.elementor-size-xl{font-size:39px}.elementor-widget-heading .elementor-heading-title.elementor-size-xxl{font-size:59px}<\/style><h2 class=\"elementor-heading-title elementor-size-default\">Rechtlicher Hinweis<\/h2>\t\t<\/div>\n\t\t\t\t<\/div>\n\t\t\t\t\t<\/div>\n\t\t<\/div>\n\t\t\t\t\t\t\t<\/div>\n\t\t<\/section>\n\t\t\t\t<section class=\"elementor-section elementor-top-section elementor-element elementor-element-ad42ad3 elementor-section-stretched elementor-section-boxed elementor-section-height-default elementor-section-height-default\" data-id=\"ad42ad3\" data-element_type=\"section\" data-settings=\"{&quot;background_background&quot;:&quot;classic&quot;,&quot;stretch_section&quot;:&quot;section-stretched&quot;}\">\n\t\t\t\t\t\t<div class=\"elementor-container elementor-column-gap-custom\">\n\t\t\t\t\t<div class=\"elementor-column elementor-col-100 elementor-top-column elementor-element elementor-element-fc3a040\" data-id=\"fc3a040\" data-element_type=\"column\">\n\t\t\t<div class=\"elementor-widget-wrap elementor-element-populated\">\n\t\t\t\t\t\t\t\t<div class=\"elementor-element elementor-element-64d4523 elementor-widget elementor-widget-text-editor\" data-id=\"64d4523\" data-element_type=\"widget\" data-widget_type=\"text-editor.default\">\n\t\t\t\t<div class=\"elementor-widget-container\">\n\t\t\t<style>\/*! elementor - v3.15.0 - 09-08-2023 *\/\n.elementor-widget-text-editor.elementor-drop-cap-view-stacked .elementor-drop-cap{background-color:#69727d;color:#fff}.elementor-widget-text-editor.elementor-drop-cap-view-framed .elementor-drop-cap{color:#69727d;border:3px solid;background-color:transparent}.elementor-widget-text-editor:not(.elementor-drop-cap-view-default) .elementor-drop-cap{margin-top:8px}.elementor-widget-text-editor:not(.elementor-drop-cap-view-default) .elementor-drop-cap-letter{width:1em;height:1em}.elementor-widget-text-editor .elementor-drop-cap{float:left;text-align:center;line-height:1;font-size:50px}.elementor-widget-text-editor .elementor-drop-cap-letter{display:inline-block}<\/style>\t\t\t\t<h3><span style=\"font-size: 18pt;\">Zweck und Akzeptanz<\/span><\/h3><p>Dieser rechtliche Hinweis regelt die Nutzung der Website www.casa-excelente.com (im Folgenden DIE WEBSITE), die Eigentum von Casa Excelente (im Folgenden DER EIGENT\u00dcMER DER WEBSITE) ist.<\/p><p>Das Surfen auf der Website des Eigent\u00fcmers der Website macht den Benutzer zum Benutzer derselben und impliziert die vollst\u00e4ndige und vorbehaltlose Annahme aller in diesem rechtlichen Hinweis enthaltenen Bestimmungen, die \u00c4nderungen unterliegen k\u00f6nnen.<\/p><p>Der Benutzer verpflichtet sich zur korrekten Nutzung der Website in \u00dcbereinstimmung mit den Gesetzen, Treu und Glauben, der \u00f6ffentlichen Ordnung, den Verkehrsregeln und dem vorliegenden rechtlichen Hinweis. Der Nutzer haftet gegen\u00fcber dem EIGENT\u00dcMER DER WEBSITE oder gegen\u00fcber Dritten f\u00fcr alle Sch\u00e4den, die sich aus der Verletzung dieser Verpflichtung ergeben k\u00f6nnen.<\/p><h3><span style=\"font-size: 18pt;\">Identifizierung und Kommunikation<\/span><\/h3><p>DER EIGENT\u00dcMER DER WEBSITE informiert Sie gem\u00e4\u00df dem Gesetz 34\/2002 vom 11. Juli \u00fcber die Dienste der Informationsgesellschaft und den elektronischen Gesch\u00e4ftsverkehr dar\u00fcber:<\/p><p>Sein Firmenname ist: Casa Excelente SL<br \/>STEUERNUMMER: B92481019<br \/>Sein eingetragener Sitz befindet sich in: Calle Mijas (urbanizacion el Faro), Mijas, 29649 , Malaga<\/p><p>Um mit uns zu kommunizieren, bieten wir Ihnen verschiedene Kontaktm\u00f6glichkeiten, die im Folgenden aufgef\u00fchrt sind:<\/p><p>Telefon: +34 600 050 103<br \/>E-Mail: info@casa-excelente.com<br \/>Alle Mitteilungen und Kommunikationen zwischen den Nutzern und dem Inhaber der Website werden als wirksam angesehen, wenn sie per Post oder auf einem anderen der oben genannten Wege erfolgen.<\/p><h3><span style=\"font-size: 18pt;\">Bedingungen f\u00fcr Zugang und Nutzung<\/span><\/h3><p>Die Website und ihre Dienste sind frei und offen zug\u00e4nglich, jedoch macht DER EIGENT\u00dcMER DER WEBSITE die Nutzung einiger der auf seiner Website angebotenen Dienste von der vorherigen Ausf\u00fcllung des entsprechenden Formulars abh\u00e4ngig.<\/p><p>Der Benutzer garantiert die Echtheit und Aktualit\u00e4t aller Daten, die er dem WEBSITE-BESITZER mitteilt, und ist allein verantwortlich f\u00fcr alle falschen oder ungenauen Angaben.<\/p><p>Der Benutzer verpflichtet sich ausdr\u00fccklich, die Inhalte und Dienstleistungen des Eigent\u00fcmers der Website angemessen zu nutzen und sie nicht zu verwenden, unter anderem:<\/p><p>Inhalte zu verbreiten, die kriminell, gewaltt\u00e4tig, pornografisch, rassistisch, fremdenfeindlich, beleidigend, terroristisch oder allgemein gegen das Gesetz oder die \u00f6ffentliche Ordnung sind.<\/p><p>Computerviren in das Netz einzuschleusen oder Handlungen vorzunehmen, die geeignet sind, elektronische Dokumente, Daten oder physische und logische Systeme des Eigent\u00fcmers der Website oder Dritter zu ver\u00e4ndern, zu besch\u00e4digen, zu unterbrechen oder Fehler oder Sch\u00e4den zu verursachen; sowie den Zugang anderer Nutzer zur Website und ihren Diensten durch den massiven Verbrauch von Computerressourcen, \u00fcber die der Eigent\u00fcmer der Website seine Dienste bereitstellt, zu behindern.<\/p><p>Versuchen, auf die E-Mail-Konten anderer Benutzer oder auf eingeschr\u00e4nkte Bereiche der Computersysteme des WEBSITE-BESITZERS oder Dritter zuzugreifen und gegebenenfalls Informationen zu entnehmen. Die Rechte des geistigen oder gewerblichen Eigentums zu verletzen, sowie die Vertraulichkeit der Informationen des Eigent\u00fcmers der Website oder Dritter zu verletzen.<\/p><p>Die Identit\u00e4t eines anderen Benutzers, einer \u00f6ffentlichen Verwaltung oder eines Dritten vorzut\u00e4uschen. Die Inhalte zu vervielf\u00e4ltigen, zu kopieren, zu verbreiten, zur Verf\u00fcgung zu stellen oder auf andere Weise \u00f6ffentlich zu kommunizieren, umzuwandeln oder zu ver\u00e4ndern, es sei denn, der Inhaber der entsprechenden Rechte hat dies genehmigt oder es ist gesetzlich erlaubt. Daten f\u00fcr Werbezwecke zu sammeln und Werbung jeglicher Art und Mitteilungen f\u00fcr den Verkauf oder andere kommerzielle Zwecke ohne vorherige Anfrage oder Zustimmung zu versenden.<\/p><p>Alle Inhalte der Website, wie Texte, Fotografien, Grafiken, Bilder, Icons, Technologien, Software sowie die grafische Gestaltung und die Quellcodes, stellen ein Werk dar, das Eigentum des Eigent\u00fcmers der Website ist, und es kann davon ausgegangen werden, dass keines der Nutzungsrechte daran auf den Nutzer \u00fcbertragen wird, abgesehen von dem, was f\u00fcr die korrekte Nutzung der Website unbedingt erforderlich ist.<\/p><p>Kurz gesagt, die Nutzer, die auf diese Website zugreifen, k\u00f6nnen die Inhalte einsehen und gegebenenfalls genehmigte Privatkopien anfertigen, vorausgesetzt, dass die reproduzierten Elemente anschlie\u00dfend nicht an Dritte weitergegeben werden, noch auf Servern installiert werden, die mit Netzen verbunden sind, noch irgendeiner Art von Verwertung unterliegen.<\/p><p>Ebenso sind alle Marken, Handelsnamen oder Unterscheidungszeichen jeglicher Art, die auf der Website erscheinen, Eigentum des Eigent\u00fcmers der Website, ohne dass die Nutzung oder der Zugang zu ihnen dem Nutzer irgendein Recht an ihnen verleiht.<\/p><p>Der Vertrieb, die \u00c4nderung, die \u00dcbertragung oder die \u00f6ffentliche Bekanntmachung der Inhalte und jede andere Handlung, die nicht ausdr\u00fccklich vom Inhaber der Nutzungsrechte genehmigt wurde, sind verboten.<\/p><p>Die Einrichtung eines Hyperlinks impliziert in keinem Fall das Bestehen einer Beziehung zwischen dem WEBSITE-BESITZER und dem Eigent\u00fcmer der Website, auf der er eingerichtet ist, noch die Akzeptanz und Zustimmung des WEBSITE-BESITZERS zu deren Inhalten oder Dienstleistungen. Die Personen, die einen Hyperlink einrichten wollen, m\u00fcssen die vorherige schriftliche Genehmigung des Eigent\u00fcmers der Website einholen. In jedem Fall darf der Hyperlink nur den Zugang zur Homepage oder zur Startseite unserer Website erm\u00f6glichen und darf auch keine falschen, ungenauen oder unrichtigen Aussagen oder Angaben \u00fcber DEN WEBSITE-BESITZER machen oder illegale Inhalte enthalten, die gegen die guten Sitten und die \u00f6ffentliche Ordnung versto\u00dfen.<\/p><p>DER EIGENT\u00dcMER DER WEBSITE ist nicht verantwortlich f\u00fcr die Nutzung der auf dieser Website zur Verf\u00fcgung gestellten Materialien durch die einzelnen Nutzer und f\u00fcr die auf der Grundlage dieser Materialien durchgef\u00fchrten Aktionen.<\/p><h3><span style=\"font-size: 18pt;\">Ausschluss von Gew\u00e4hrleistung und Haftung<\/span><\/h3><p>Der Inhalt dieser Website ist allgemeiner Natur und dient nur zu Informationszwecken, und der Zugang zu allen Inhalten ist nicht vollst\u00e4ndig garantiert, ebenso wenig wie deren Eignung oder N\u00fctzlichkeit f\u00fcr einen bestimmten Zweck.<\/p><p>DER EIGENT\u00dcMER DER WEBSITE schlie\u00dft, soweit gesetzlich zul\u00e4ssig, jegliche Haftung f\u00fcr Sch\u00e4den jeglicher Art aus, die sich aus:<\/p><p>Die Unm\u00f6glichkeit, auf die Website zuzugreifen, sowie das Vorhandensein von M\u00e4ngeln und Fehlern jeglicher Art in den \u00fcbertragenen, verbreiteten, gespeicherten, zur Verf\u00fcgung gestellten Inhalten, auf die \u00fcber die Website oder die angebotenen Dienstleistungen zugegriffen wurde. Das Vorhandensein von Viren oder anderen Elementen in den Inhalten, die Ver\u00e4nderungen in Computersystemen, elektronischen Dokumenten oder Benutzerdaten verursachen k\u00f6nnen.<\/p><p>Die Nichteinhaltung von Gesetzen, Treu und Glauben, der \u00f6ffentlichen Ordnung, des Verkehrs und des vorliegenden rechtlichen Hinweises als Folge einer falschen Nutzung der Website. Insbesondere, und als Beispiel, ist DER EIGENT\u00dcMER DER WEBSITE nicht verantwortlich f\u00fcr die Handlungen Dritter, die geistige und industrielle Eigentumsrechte, Gesch\u00e4ftsgeheimnisse, Rechte auf Ehre, pers\u00f6nliche und famili\u00e4re Privatsph\u00e4re und Selbstbild, sowie die Vorschriften \u00fcber unlauteren Wettbewerb und illegale Werbung verletzen.<\/p><p>Ebenso lehnt der Inhaber der Website jede Verantwortung f\u00fcr Informationen ab, die sich au\u00dferhalb dieser Website befinden und nicht direkt von unserem Webmaster verwaltet werden. Die Funktion der Links, die auf dieser Website erscheinen, besteht ausschlie\u00dflich darin, den Benutzer \u00fcber die Existenz anderer Quellen zu informieren, die den auf dieser Website angebotenen Inhalt erweitern k\u00f6nnen. DER EIGENT\u00dcMER DER WEBSITE \u00fcbernimmt keine Garantie oder Verantwortung f\u00fcr das Funktionieren oder die Zug\u00e4nglichkeit der verlinkten Seiten, noch schl\u00e4gt er den Besuch dieser Seiten vor, l\u00e4dt dazu ein oder empfiehlt ihn, noch ist er f\u00fcr die erzielten Ergebnisse verantwortlich. DER WEBSITENINHABER ist nicht verantwortlich f\u00fcr die Einrichtung von Hyperlinks durch Dritte.<\/p><h3><span style=\"font-size: 18pt;\">Verfahren bei unerlaubten T\u00e4tigkeiten<\/span><\/h3><p>F\u00fcr den Fall, dass ein Nutzer oder ein Dritter der Meinung ist, dass es Tatsachen oder Umst\u00e4nde gibt, die den rechtswidrigen Charakter der Nutzung irgendeines Inhalts und\/oder der Durchf\u00fchrung irgendeiner Aktivit\u00e4t auf den in der Website enthaltenen oder \u00fcber sie zug\u00e4nglichen Webseiten offenbaren, muss er dem WEBSITE-BESITZER eine Mitteilung schicken, in der er sich ordnungsgem\u00e4\u00df identifiziert, die angeblichen Verst\u00f6\u00dfe angibt und ausdr\u00fccklich und auf eigene Verantwortung erkl\u00e4rt, dass die in der Mitteilung gemachten Angaben korrekt sind.<\/p><p>Die vorliegenden Allgemeinen Bedingungen unterliegen dem spanischen Recht. Die Parteien unterwerfen sich f\u00fcr die L\u00f6sung von Konflikten nach ihrer Wahl und unter Verzicht auf jede andere Zust\u00e4ndigkeit den Gerichten am Wohnsitz des Nutzers. Ebenso kann der Nutzer als Mitglied von Confianza Online und gem\u00e4\u00df den Bestimmungen des Ethik-Kodex [Klicken Sie hier, um PDF zu \u00f6ffnen] bei Streitigkeiten im Zusammenhang mit Online-Vertr\u00e4gen und -Werbung, dem Datenschutz und dem Schutz von Minderj\u00e4hrigen das au\u00dfergerichtliche Streitbeilegungssystem von Confianza Online (www.confianzaonline.es) in Anspruch nehmen.<\/p><h3><span style=\"font-size: 18pt;\">Ver\u00f6ffentlichungen<\/span><\/h3><p>Die \u00fcber die Website zur Verf\u00fcgung gestellten Verwaltungsinformationen ersetzen nicht die rechtliche Ver\u00f6ffentlichung von Gesetzen, Verordnungen, Pl\u00e4nen, allgemeinen Bestimmungen und Rechtsakten, die f\u00f6rmlich in den Amtsbl\u00e4ttern der \u00f6ffentlichen Verwaltungen ver\u00f6ffentlicht werden m\u00fcssen, da diese das einzige Instrument sind, das ihre Authentizit\u00e4t und ihren Inhalt best\u00e4tigt. Die auf dieser Website verf\u00fcgbaren Informationen sind als Leitfaden zu verstehen, der keine Rechtsg\u00fcltigkeit besitzt.<\/p><p>Die Anpassung an LOPD und LSSICE wurde von Centraliza vorgenommen.<\/p>\t\t\t\t\t\t<\/div>\n\t\t\t\t<\/div>\n\t\t\t\t\t<\/div>\n\t\t<\/div>\n\t\t\t\t\t\t\t<\/div>\n\t\t<\/section>\n\t\t\t\t\t\t\t<\/div>\n\t\t","protected":false},"excerpt":{"rendered":"<p>Rechtlicher Hinweis Zweck und Akzeptanz Dieser rechtliche Hinweis regelt die Nutzung der Website www.casa-excelente.com (im Folgenden DIE WEBSITE), die Eigentum von Casa Excelente (im Folgenden DER EIGENT\u00dcMER DER WEBSITE) ist. Das Surfen auf der Website des Eigent\u00fcmers der Website macht den Benutzer zum Benutzer derselben und impliziert die vollst\u00e4ndige und vorbehaltlose Annahme aller in diesem rechtlichen Hinweis enthaltenen Bestimmungen, die \u00c4nderungen unterliegen k\u00f6nnen. Der &#8230;<\/p>\n","protected":false},"author":1,"featured_media":0,"parent":0,"menu_order":0,"comment_status":"closed","ping_status":"closed","template":"elementor_header_footer","meta":{"footnotes":""},"yoast_head":"<!-- This site is optimized with the Yoast SEO Premium plugin v20.7 (Yoast SEO v20.13) - https:\/\/yoast.com\/wordpress\/plugins\/seo\/ -->\n<title>Rechtlicher Hinweis - Casa Excelente<\/title>\n<meta name=\"robots\" content=\"index, follow, max-snippet:-1, max-image-preview:large, max-video-preview:-1\" \/>\n<link rel=\"canonical\" href=\"https:\/\/www.casa-excelente.com\/de\/rechtlicher-hinweis\/\" \/>\n<meta property=\"og:locale\" content=\"de_DE\" \/>\n<meta property=\"og:type\" content=\"article\" \/>\n<meta property=\"og:title\" content=\"Rechtlicher Hinweis\" \/>\n<meta property=\"og:description\" content=\"Rechtlicher Hinweis Zweck und Akzeptanz Dieser rechtliche Hinweis regelt die Nutzung der Website www.casa-excelente.com (im Folgenden DIE WEBSITE), die Eigentum von Casa Excelente (im Folgenden DER EIGENT\u00dcMER DER WEBSITE) ist. Das Surfen auf der Website des Eigent\u00fcmers der Website macht den Benutzer zum Benutzer derselben und impliziert die vollst\u00e4ndige und vorbehaltlose Annahme aller in diesem rechtlichen Hinweis enthaltenen Bestimmungen, die \u00c4nderungen unterliegen k\u00f6nnen. Der ...\" \/>\n<meta property=\"og:url\" content=\"https:\/\/www.casa-excelente.com\/de\/rechtlicher-hinweis\/\" \/>\n<meta property=\"og:site_name\" content=\"Casa Excelente\" \/>\n<meta property=\"article:modified_time\" content=\"2023-07-12T11:16:08+00:00\" \/>\n<meta name=\"twitter:card\" content=\"summary_large_image\" \/>\n<meta name=\"twitter:label1\" content=\"Gesch\u00e4tzte Lesezeit\" \/>\n\t<meta name=\"twitter:data1\" content=\"7 Minuten\" \/>\n<script type=\"application\/ld+json\" class=\"yoast-schema-graph\">{\"@context\":\"https:\/\/schema.org\",\"@graph\":[{\"@type\":\"WebPage\",\"@id\":\"https:\/\/www.casa-excelente.com\/de\/rechtlicher-hinweis\/\",\"url\":\"https:\/\/www.casa-excelente.com\/de\/rechtlicher-hinweis\/\",\"name\":\"Rechtlicher Hinweis - Casa Excelente\",\"isPartOf\":{\"@id\":\"https:\/\/www.casa-excelente.com\/#website\"},\"datePublished\":\"2023-04-19T08:19:40+00:00\",\"dateModified\":\"2023-07-12T11:16:08+00:00\",\"breadcrumb\":{\"@id\":\"https:\/\/www.casa-excelente.com\/de\/rechtlicher-hinweis\/#breadcrumb\"},\"inLanguage\":\"de-DE\",\"potentialAction\":[{\"@type\":\"ReadAction\",\"target\":[\"https:\/\/www.casa-excelente.com\/de\/rechtlicher-hinweis\/\"]}]},{\"@type\":\"BreadcrumbList\",\"@id\":\"https:\/\/www.casa-excelente.com\/de\/rechtlicher-hinweis\/#breadcrumb\",\"itemListElement\":[{\"@type\":\"ListItem\",\"position\":1,\"name\":\"Home\",\"item\":\"https:\/\/www.casa-excelente.com\/\"},{\"@type\":\"ListItem\",\"position\":2,\"name\":\"Rechtlicher Hinweis\"}]},{\"@type\":\"WebSite\",\"@id\":\"https:\/\/www.casa-excelente.com\/#website\",\"url\":\"https:\/\/www.casa-excelente.com\/\",\"name\":\"Casa Excelente\",\"description\":\"\",\"potentialAction\":[{\"@type\":\"SearchAction\",\"target\":{\"@type\":\"EntryPoint\",\"urlTemplate\":\"https:\/\/www.casa-excelente.com\/?s={search_term_string}\"},\"query-input\":\"required name=search_term_string\"}],\"inLanguage\":\"de-DE\"}]}<\/script>\n<!-- \/ Yoast SEO Premium plugin. -->","yoast_head_json":{"title":"Rechtlicher Hinweis - Casa Excelente","robots":{"index":"index","follow":"follow","max-snippet":"max-snippet:-1","max-image-preview":"max-image-preview:large","max-video-preview":"max-video-preview:-1"},"canonical":"https:\/\/www.casa-excelente.com\/de\/rechtlicher-hinweis\/","og_locale":"de_DE","og_type":"article","og_title":"Rechtlicher Hinweis","og_description":"Rechtlicher Hinweis Zweck und Akzeptanz Dieser rechtliche Hinweis regelt die Nutzung der Website www.casa-excelente.com (im Folgenden DIE WEBSITE), die Eigentum von Casa Excelente (im Folgenden DER EIGENT\u00dcMER DER WEBSITE) ist. Das Surfen auf der Website des Eigent\u00fcmers der Website macht den Benutzer zum Benutzer derselben und impliziert die vollst\u00e4ndige und vorbehaltlose Annahme aller in diesem rechtlichen Hinweis enthaltenen Bestimmungen, die \u00c4nderungen unterliegen k\u00f6nnen. Der ...","og_url":"https:\/\/www.casa-excelente.com\/de\/rechtlicher-hinweis\/","og_site_name":"Casa Excelente","article_modified_time":"2023-07-12T11:16:08+00:00","twitter_card":"summary_large_image","twitter_misc":{"Gesch\u00e4tzte Lesezeit":"7 Minuten"},"schema":{"@context":"https:\/\/schema.org","@graph":[{"@type":"WebPage","@id":"https:\/\/www.casa-excelente.com\/de\/rechtlicher-hinweis\/","url":"https:\/\/www.casa-excelente.com\/de\/rechtlicher-hinweis\/","name":"Rechtlicher Hinweis - Casa Excelente","isPartOf":{"@id":"https:\/\/www.casa-excelente.com\/#website"},"datePublished":"2023-04-19T08:19:40+00:00","dateModified":"2023-07-12T11:16:08+00:00","breadcrumb":{"@id":"https:\/\/www.casa-excelente.com\/de\/rechtlicher-hinweis\/#breadcrumb"},"inLanguage":"de-DE","potentialAction":[{"@type":"ReadAction","target":["https:\/\/www.casa-excelente.com\/de\/rechtlicher-hinweis\/"]}]},{"@type":"BreadcrumbList","@id":"https:\/\/www.casa-excelente.com\/de\/rechtlicher-hinweis\/#breadcrumb","itemListElement":[{"@type":"ListItem","position":1,"name":"Home","item":"https:\/\/www.casa-excelente.com\/"},{"@type":"ListItem","position":2,"name":"Rechtlicher Hinweis"}]},{"@type":"WebSite","@id":"https:\/\/www.casa-excelente.com\/#website","url":"https:\/\/www.casa-excelente.com\/","name":"Casa Excelente","description":"","potentialAction":[{"@type":"SearchAction","target":{"@type":"EntryPoint","urlTemplate":"https:\/\/www.casa-excelente.com\/?s={search_term_string}"},"query-input":"required name=search_term_string"}],"inLanguage":"de-DE"}]}},"_links":{"self":[{"href":"https:\/\/www.casa-excelente.com\/de\/wp-json\/wp\/v2\/pages\/32830"}],"collection":[{"href":"https:\/\/www.casa-excelente.com\/de\/wp-json\/wp\/v2\/pages"}],"about":[{"href":"https:\/\/www.casa-excelente.com\/de\/wp-json\/wp\/v2\/types\/page"}],"author":[{"embeddable":true,"href":"https:\/\/www.casa-excelente.com\/de\/wp-json\/wp\/v2\/users\/1"}],"replies":[{"embeddable":true,"href":"https:\/\/www.casa-excelente.com\/de\/wp-json\/wp\/v2\/comments?post=32830"}],"version-history":[{"count":15,"href":"https:\/\/www.casa-excelente.com\/de\/wp-json\/wp\/v2\/pages\/32830\/revisions"}],"predecessor-version":[{"id":35071,"href":"https:\/\/www.casa-excelente.com\/de\/wp-json\/wp\/v2\/pages\/32830\/revisions\/35071"}],"wp:attachment":[{"href":"https:\/\/www.casa-excelente.com\/de\/wp-json\/wp\/v2\/media?parent=32830"}],"curies":[{"name":"wp","href":"https:\/\/api.w.org\/{rel}","templated":true}]}}