{"id":32844,"date":"2023-01-19T12:57:38","date_gmt":"2023-01-19T12:57:38","guid":{"rendered":"https:\/\/casa-excelente.com\/?page_id=32844"},"modified":"2023-06-08T09:09:14","modified_gmt":"2023-06-08T09:09:14","slug":"ratgeber","status":"publish","type":"page","link":"https:\/\/www.casa-excelente.com\/de\/ratgeber\/","title":{"rendered":"Ratgeber"},"content":{"rendered":"\t\t<div data-elementor-type=\"wp-page\" data-elementor-id=\"32844\" class=\"elementor elementor-32844 elementor-31056\">\n\t\t\t\t\t\t\t\t\t<section class=\"elementor-section elementor-top-section elementor-element elementor-element-4eb9585 animated-slow elementor-section-content-middle elementor-section-stretched elementor-section-boxed elementor-section-height-default elementor-section-height-default elementor-invisible\" data-id=\"4eb9585\" data-element_type=\"section\" data-settings=\"{&quot;background_background&quot;:&quot;classic&quot;,&quot;animation&quot;:&quot;fadeIn&quot;,&quot;stretch_section&quot;:&quot;section-stretched&quot;}\">\n\t\t\t\t\t\t\t<div class=\"elementor-background-overlay\"><\/div>\n\t\t\t\t\t\t\t<div class=\"elementor-container elementor-column-gap-no\">\n\t\t\t\t\t<div class=\"elementor-column elementor-col-100 elementor-top-column elementor-element elementor-element-be96548\" data-id=\"be96548\" data-element_type=\"column\" data-settings=\"{&quot;background_background&quot;:&quot;classic&quot;}\">\n\t\t\t<div class=\"elementor-widget-wrap elementor-element-populated\">\n\t\t\t\t\t\t\t\t<div class=\"elementor-element elementor-element-50852d4 elementor-widget elementor-widget-heading\" data-id=\"50852d4\" data-element_type=\"widget\" data-widget_type=\"heading.default\">\n\t\t\t\t<div class=\"elementor-widget-container\">\n\t\t\t<style>\/*! elementor - v3.15.0 - 09-08-2023 *\/\n.elementor-heading-title{padding:0;margin:0;line-height:1}.elementor-widget-heading .elementor-heading-title[class*=elementor-size-]>a{color:inherit;font-size:inherit;line-height:inherit}.elementor-widget-heading .elementor-heading-title.elementor-size-small{font-size:15px}.elementor-widget-heading .elementor-heading-title.elementor-size-medium{font-size:19px}.elementor-widget-heading .elementor-heading-title.elementor-size-large{font-size:29px}.elementor-widget-heading .elementor-heading-title.elementor-size-xl{font-size:39px}.elementor-widget-heading .elementor-heading-title.elementor-size-xxl{font-size:59px}<\/style><h2 class=\"elementor-heading-title elementor-size-default\">Ratgeber<\/h2>\t\t<\/div>\n\t\t\t\t<\/div>\n\t\t\t\t\t<\/div>\n\t\t<\/div>\n\t\t\t\t\t\t\t<\/div>\n\t\t<\/section>\n\t\t\t\t<section class=\"elementor-section elementor-top-section elementor-element elementor-element-50b6def elementor-section-stretched elementor-section-boxed elementor-section-height-default elementor-section-height-default\" data-id=\"50b6def\" data-element_type=\"section\" data-settings=\"{&quot;background_background&quot;:&quot;classic&quot;,&quot;stretch_section&quot;:&quot;section-stretched&quot;}\">\n\t\t\t\t\t\t<div class=\"elementor-container elementor-column-gap-custom\">\n\t\t\t\t\t<div class=\"elementor-column elementor-col-50 elementor-top-column elementor-element elementor-element-63ace98\" data-id=\"63ace98\" data-element_type=\"column\">\n\t\t\t<div class=\"elementor-widget-wrap elementor-element-populated\">\n\t\t\t\t\t\t\t\t<div class=\"elementor-element elementor-element-7f94689 elementor-invisible elementor-widget elementor-widget-heading\" data-id=\"7f94689\" data-element_type=\"widget\" data-settings=\"{&quot;_animation&quot;:&quot;fadeIn&quot;,&quot;_animation_delay&quot;:200}\" data-widget_type=\"heading.default\">\n\t\t\t\t<div class=\"elementor-widget-container\">\n\t\t\t<h3 class=\"elementor-heading-title elementor-size-default\">Vor dem Kauf einer Immobilie in Spanien<\/h3>\t\t<\/div>\n\t\t\t\t<\/div>\n\t\t\t\t<div class=\"elementor-element elementor-element-8c188b2 elementor-invisible elementor-widget elementor-widget-text-editor\" data-id=\"8c188b2\" data-element_type=\"widget\" data-settings=\"{&quot;_animation&quot;:&quot;fadeIn&quot;,&quot;_animation_delay&quot;:50}\" data-widget_type=\"text-editor.default\">\n\t\t\t\t<div class=\"elementor-widget-container\">\n\t\t\t<style>\/*! elementor - v3.15.0 - 09-08-2023 *\/\n.elementor-widget-text-editor.elementor-drop-cap-view-stacked .elementor-drop-cap{background-color:#69727d;color:#fff}.elementor-widget-text-editor.elementor-drop-cap-view-framed .elementor-drop-cap{color:#69727d;border:3px solid;background-color:transparent}.elementor-widget-text-editor:not(.elementor-drop-cap-view-default) .elementor-drop-cap{margin-top:8px}.elementor-widget-text-editor:not(.elementor-drop-cap-view-default) .elementor-drop-cap-letter{width:1em;height:1em}.elementor-widget-text-editor .elementor-drop-cap{float:left;text-align:center;line-height:1;font-size:50px}.elementor-widget-text-editor .elementor-drop-cap-letter{display:inline-block}<\/style>\t\t\t\tWas m\u00fcssen Sie vor dem Kauf einer Immobilie in Spanien wissen?<br><br>\nAls B\u00fcrger eines Mitgliedstaates der Europ\u00e4ischen Union (EU) k\u00f6nnen Sie in Spanien ohne Einschr\u00e4nkungen Immobilien erwerben. Sie haben die gleichen Rechte wie jeder andere spanische B\u00fcrger.\t\t\t\t\t\t<\/div>\n\t\t\t\t<\/div>\n\t\t\t\t<div class=\"elementor-element elementor-element-d5764d7 elementor-widget elementor-widget-image\" data-id=\"d5764d7\" data-element_type=\"widget\" data-widget_type=\"image.default\">\n\t\t\t\t<div class=\"elementor-widget-container\">\n\t\t\t<style>\/*! elementor - v3.15.0 - 09-08-2023 *\/\n.elementor-widget-image{text-align:center}.elementor-widget-image a{display:inline-block}.elementor-widget-image a img[src$=\".svg\"]{width:48px}.elementor-widget-image img{vertical-align:middle;display:inline-block}<\/style>\t\t\t\t\t\t\t\t\t\t\t\t<img loading=\"lazy\" decoding=\"async\" width=\"582\" height=\"343\" src=\"https:\/\/www.casa-excelente.com\/wp-content\/uploads\/2023\/06\/comprar-vivienda-casa-excelente.jpg\" class=\"attachment-full size-full wp-image-34338\" alt=\"\" srcset=\"https:\/\/www.casa-excelente.com\/wp-content\/uploads\/2023\/06\/comprar-vivienda-casa-excelente.jpg 582w, https:\/\/www.casa-excelente.com\/wp-content\/uploads\/2023\/06\/comprar-vivienda-casa-excelente-300x177.jpg 300w, https:\/\/www.casa-excelente.com\/wp-content\/uploads\/2023\/06\/comprar-vivienda-casa-excelente-143x83.jpg 143w\" sizes=\"(max-width: 582px) 100vw, 582px\" \/>\t\t\t\t\t\t\t\t\t\t\t\t\t\t\t<\/div>\n\t\t\t\t<\/div>\n\t\t\t\t\t<\/div>\n\t\t<\/div>\n\t\t\t\t<div class=\"elementor-column elementor-col-50 elementor-top-column elementor-element elementor-element-ce781e7\" data-id=\"ce781e7\" data-element_type=\"column\">\n\t\t\t<div class=\"elementor-widget-wrap elementor-element-populated\">\n\t\t\t\t\t\t\t\t<div class=\"elementor-element elementor-element-5278006 elementor-widget elementor-widget-accordion\" data-id=\"5278006\" data-element_type=\"widget\" data-widget_type=\"accordion.default\">\n\t\t\t\t<div class=\"elementor-widget-container\">\n\t\t\t<style>\/*! elementor - v3.15.0 - 09-08-2023 *\/\n.elementor-accordion{text-align:left}.elementor-accordion .elementor-accordion-item{border:1px solid #d5d8dc}.elementor-accordion .elementor-accordion-item+.elementor-accordion-item{border-top:none}.elementor-accordion .elementor-tab-title{margin:0;padding:15px 20px;font-weight:700;line-height:1;cursor:pointer;outline:none}.elementor-accordion .elementor-tab-title .elementor-accordion-icon{display:inline-block;width:1.5em}.elementor-accordion .elementor-tab-title .elementor-accordion-icon svg{width:1em;height:1em}.elementor-accordion .elementor-tab-title .elementor-accordion-icon.elementor-accordion-icon-right{float:right;text-align:right}.elementor-accordion .elementor-tab-title .elementor-accordion-icon.elementor-accordion-icon-left{float:left;text-align:left}.elementor-accordion .elementor-tab-title .elementor-accordion-icon .elementor-accordion-icon-closed{display:block}.elementor-accordion .elementor-tab-title .elementor-accordion-icon .elementor-accordion-icon-opened,.elementor-accordion .elementor-tab-title.elementor-active .elementor-accordion-icon-closed{display:none}.elementor-accordion .elementor-tab-title.elementor-active .elementor-accordion-icon-opened{display:block}.elementor-accordion .elementor-tab-content{display:none;padding:15px 20px;border-top:1px solid #d5d8dc}@media (max-width:767px){.elementor-accordion .elementor-tab-title{padding:12px 15px}.elementor-accordion .elementor-tab-title .elementor-accordion-icon{width:1.2em}.elementor-accordion .elementor-tab-content{padding:7px 15px}}.e-con-inner>.elementor-widget-accordion,.e-con>.elementor-widget-accordion{width:var(--container-widget-width);--flex-grow:var(--container-widget-flex-grow)}<\/style>\t\t<div class=\"elementor-accordion\">\n\t\t\t\t\t\t\t<div class=\"elementor-accordion-item\">\n\t\t\t\t\t<div id=\"elementor-tab-title-8641\" class=\"elementor-tab-title\" data-tab=\"1\" role=\"button\" aria-controls=\"elementor-tab-content-8641\" aria-expanded=\"false\">\n\t\t\t\t\t\t\t\t\t\t\t\t\t<span class=\"elementor-accordion-icon elementor-accordion-icon-left\" aria-hidden=\"true\">\n\t\t\t\t\t\t\t\t\t\t\t\t\t\t\t<span class=\"elementor-accordion-icon-closed\"><i class=\"fas fa-plus\"><\/i><\/span>\n\t\t\t\t\t\t\t\t<span class=\"elementor-accordion-icon-opened\"><i class=\"fas fa-minus\"><\/i><\/span>\n\t\t\t\t\t\t\t\t\t\t\t\t\t\t<\/span>\n\t\t\t\t\t\t\t\t\t\t\t\t<a class=\"elementor-accordion-title\" tabindex=\"0\">Kosten<\/a>\n\t\t\t\t\t<\/div>\n\t\t\t\t\t<div id=\"elementor-tab-content-8641\" class=\"elementor-tab-content elementor-clearfix\" data-tab=\"1\" role=\"region\" aria-labelledby=\"elementor-tab-title-8641\">Beim Kauf einer Immobilie fallen neben dem Kaufpreis eine Reihe von zus\u00e4tzlichen Kosten an. Normalerweise belaufen sich diese Kosten auf 8-9 % des Kaufpreises, wenn Sie ohne Hypothek kaufen. Mit einer Hypothek fallen zus\u00e4tzliche Kosten von etwa 2-3 % an.<br><br>\nIm Folgenden finden Sie auf der <a href=\"https:\/\/administracion.gob.es\/pagFront\/tramites\/miVidaEnTramites\/miVidaEnTramites.htm?idioma=en \" style=\"color:#1588c9;\"><strong>Website der spanischen Regierung <\/strong><\/a> ausf\u00fchrliche Informationen zu allen Schritten, die beim Kauf oder Verkauf einer Immobilie zu beachten. <\/div>\n\t\t\t\t<\/div>\n\t\t\t\t\t\t\t<div class=\"elementor-accordion-item\">\n\t\t\t\t\t<div id=\"elementor-tab-title-8642\" class=\"elementor-tab-title\" data-tab=\"2\" role=\"button\" aria-controls=\"elementor-tab-content-8642\" aria-expanded=\"false\">\n\t\t\t\t\t\t\t\t\t\t\t\t\t<span class=\"elementor-accordion-icon elementor-accordion-icon-left\" aria-hidden=\"true\">\n\t\t\t\t\t\t\t\t\t\t\t\t\t\t\t<span class=\"elementor-accordion-icon-closed\"><i class=\"fas fa-plus\"><\/i><\/span>\n\t\t\t\t\t\t\t\t<span class=\"elementor-accordion-icon-opened\"><i class=\"fas fa-minus\"><\/i><\/span>\n\t\t\t\t\t\t\t\t\t\t\t\t\t\t<\/span>\n\t\t\t\t\t\t\t\t\t\t\t\t<a class=\"elementor-accordion-title\" tabindex=\"0\">Finanzierung von Kauf und Verkauf<\/a>\n\t\t\t\t\t<\/div>\n\t\t\t\t\t<div id=\"elementor-tab-content-8642\" class=\"elementor-tab-content elementor-clearfix\" data-tab=\"2\" role=\"region\" aria-labelledby=\"elementor-tab-title-8642\"><p>Gerne beraten wir Sie auch umfassend in allen Fragen rund um die Finanzierung der von uns angebotenen Immobilien.<\/p><\/div>\n\t\t\t\t<\/div>\n\t\t\t\t\t\t\t\t<\/div>\n\t\t\t\t<\/div>\n\t\t\t\t<\/div>\n\t\t\t\t<section class=\"elementor-section elementor-inner-section elementor-element elementor-element-fbb33af elementor-section-boxed elementor-section-height-default elementor-section-height-default\" data-id=\"fbb33af\" data-element_type=\"section\">\n\t\t\t\t\t\t<div class=\"elementor-container elementor-column-gap-default\">\n\t\t\t\t\t<div class=\"elementor-column elementor-col-33 elementor-inner-column elementor-element elementor-element-b06459d\" data-id=\"b06459d\" data-element_type=\"column\">\n\t\t\t<div class=\"elementor-widget-wrap elementor-element-populated\">\n\t\t\t\t\t\t\t\t<div class=\"elementor-element elementor-element-26314ed elementor-button-info elementor-align-justify elementor-widget elementor-widget-button\" data-id=\"26314ed\" data-element_type=\"widget\" data-widget_type=\"button.default\">\n\t\t\t\t<div class=\"elementor-widget-container\">\n\t\t\t\t\t<div class=\"elementor-button-wrapper\">\n\t\t\t<a class=\"elementor-button elementor-button-link elementor-size-sm elementor-animation-shrink\" href=\"\/de\/dienstleistungen\/\">\n\t\t\t\t\t\t<span class=\"elementor-button-content-wrapper\">\n\t\t\t\t\t\t<span class=\"elementor-button-text\">Dienstleistungen<\/span>\n\t\t<\/span>\n\t\t\t\t\t<\/a>\n\t\t<\/div>\n\t\t\t\t<\/div>\n\t\t\t\t<\/div>\n\t\t\t\t\t<\/div>\n\t\t<\/div>\n\t\t\t\t<div class=\"elementor-column elementor-col-33 elementor-inner-column elementor-element elementor-element-f5d2d8c\" data-id=\"f5d2d8c\" data-element_type=\"column\">\n\t\t\t<div class=\"elementor-widget-wrap elementor-element-populated\">\n\t\t\t\t\t\t\t\t<div class=\"elementor-element elementor-element-d7a51c0 elementor-button-info elementor-align-justify e-transform elementor-widget elementor-widget-button\" data-id=\"d7a51c0\" data-element_type=\"widget\" data-settings=\"{&quot;_transform_scale_effect&quot;:{&quot;unit&quot;:&quot;px&quot;,&quot;size&quot;:&quot;&quot;,&quot;sizes&quot;:[]},&quot;_transform_scale_effect_tablet&quot;:{&quot;unit&quot;:&quot;px&quot;,&quot;size&quot;:&quot;&quot;,&quot;sizes&quot;:[]},&quot;_transform_scale_effect_mobile&quot;:{&quot;unit&quot;:&quot;px&quot;,&quot;size&quot;:&quot;&quot;,&quot;sizes&quot;:[]}}\" data-widget_type=\"button.default\">\n\t\t\t\t<div class=\"elementor-widget-container\">\n\t\t\t\t\t<div class=\"elementor-button-wrapper\">\n\t\t\t<a class=\"elementor-button elementor-button-link elementor-size-sm elementor-animation-shrink\" href=\"\/de\/lifestyle-de\/\">\n\t\t\t\t\t\t<span class=\"elementor-button-content-wrapper\">\n\t\t\t\t\t\t<span class=\"elementor-button-text\">Lifestyle<\/span>\n\t\t<\/span>\n\t\t\t\t\t<\/a>\n\t\t<\/div>\n\t\t\t\t<\/div>\n\t\t\t\t<\/div>\n\t\t\t\t\t<\/div>\n\t\t<\/div>\n\t\t\t\t<div class=\"elementor-column elementor-col-33 elementor-inner-column elementor-element elementor-element-aa61e11\" data-id=\"aa61e11\" data-element_type=\"column\">\n\t\t\t<div class=\"elementor-widget-wrap elementor-element-populated\">\n\t\t\t\t\t\t\t\t<div class=\"elementor-element elementor-element-0b599ce elementor-button-info elementor-align-justify elementor-widget__width-inherit e-transform elementor-widget elementor-widget-button\" data-id=\"0b599ce\" data-element_type=\"widget\" data-settings=\"{&quot;_transform_scale_effect&quot;:{&quot;unit&quot;:&quot;px&quot;,&quot;size&quot;:&quot;&quot;,&quot;sizes&quot;:[]},&quot;_transform_scale_effect_tablet&quot;:{&quot;unit&quot;:&quot;px&quot;,&quot;size&quot;:&quot;&quot;,&quot;sizes&quot;:[]},&quot;_transform_scale_effect_mobile&quot;:{&quot;unit&quot;:&quot;px&quot;,&quot;size&quot;:&quot;&quot;,&quot;sizes&quot;:[]}}\" data-widget_type=\"button.default\">\n\t\t\t\t<div class=\"elementor-widget-container\">\n\t\t\t\t\t<div class=\"elementor-button-wrapper\">\n\t\t\t<a class=\"elementor-button elementor-button-link elementor-size-sm elementor-animation-shrink\" href=\"\/de\/kontakt\/\">\n\t\t\t\t\t\t<span class=\"elementor-button-content-wrapper\">\n\t\t\t\t\t\t<span class=\"elementor-button-text\">Kontakt<\/span>\n\t\t<\/span>\n\t\t\t\t\t<\/a>\n\t\t<\/div>\n\t\t\t\t<\/div>\n\t\t\t\t<\/div>\n\t\t\t\t\t<\/div>\n\t\t<\/div>\n\t\t\t\t\t\t\t<\/div>\n\t\t<\/section>\n\t\t\t\t\t<\/div>\n\t\t<\/div>\n\t\t\t\t\t\t\t<\/div>\n\t\t<\/section>\n\t\t\t\t\t\t\t<\/div>\n\t\t","protected":false},"excerpt":{"rendered":"<p>Ratgeber Vor dem Kauf einer Immobilie in Spanien Was m\u00fcssen Sie vor dem Kauf einer Immobilie in Spanien wissen? Als B\u00fcrger eines Mitgliedstaates der Europ\u00e4ischen Union (EU) k\u00f6nnen Sie in Spanien ohne Einschr\u00e4nkungen Immobilien erwerben. Sie haben die gleichen Rechte wie jeder andere spanische B\u00fcrger. Kosten Beim Kauf einer Immobilie fallen neben dem Kaufpreis eine Reihe von zus\u00e4tzlichen Kosten an. Normalerweise belaufen sich diese &#8230;<\/p>\n","protected":false},"author":1,"featured_media":35159,"parent":0,"menu_order":0,"comment_status":"closed","ping_status":"closed","template":"elementor_header_footer","meta":{"footnotes":""},"yoast_head":"<!-- This site is optimized with the Yoast SEO Premium plugin v20.7 (Yoast SEO v20.13) - https:\/\/yoast.com\/wordpress\/plugins\/seo\/ -->\n<title>Ratgeber - Casa Excelente<\/title>\n<meta name=\"robots\" content=\"index, follow, max-snippet:-1, max-image-preview:large, max-video-preview:-1\" \/>\n<link rel=\"canonical\" href=\"https:\/\/www.casa-excelente.com\/de\/ratgeber\/\" \/>\n<meta property=\"og:locale\" content=\"de_DE\" \/>\n<meta property=\"og:type\" content=\"article\" \/>\n<meta property=\"og:title\" content=\"Ratgeber\" \/>\n<meta property=\"og:description\" content=\"Ratgeber Vor dem Kauf einer Immobilie in Spanien Was m\u00fcssen Sie vor dem Kauf einer Immobilie in Spanien wissen? Als B\u00fcrger eines Mitgliedstaates der Europ\u00e4ischen Union (EU) k\u00f6nnen Sie in Spanien ohne Einschr\u00e4nkungen Immobilien erwerben. Sie haben die gleichen Rechte wie jeder andere spanische B\u00fcrger. Kosten Beim Kauf einer Immobilie fallen neben dem Kaufpreis eine Reihe von zus\u00e4tzlichen Kosten an. Normalerweise belaufen sich diese ...\" \/>\n<meta property=\"og:url\" content=\"https:\/\/www.casa-excelente.com\/de\/ratgeber\/\" \/>\n<meta property=\"og:site_name\" content=\"Casa Excelente\" \/>\n<meta property=\"article:modified_time\" content=\"2023-06-08T09:09:14+00:00\" \/>\n<meta property=\"og:image\" content=\"https:\/\/casa-excelente.com\/wp-content\/uploads\/2023\/06\/comprar-vivienda-casa-excelente.jpg\" \/>\n<meta name=\"twitter:card\" content=\"summary_large_image\" \/>\n<meta name=\"twitter:label1\" content=\"Gesch\u00e4tzte Lesezeit\" \/>\n\t<meta name=\"twitter:data1\" content=\"1 Minute\" \/>\n<script type=\"application\/ld+json\" class=\"yoast-schema-graph\">{\"@context\":\"https:\/\/schema.org\",\"@graph\":[{\"@type\":\"WebPage\",\"@id\":\"https:\/\/www.casa-excelente.com\/de\/ratgeber\/\",\"url\":\"https:\/\/www.casa-excelente.com\/de\/ratgeber\/\",\"name\":\"Ratgeber - Casa Excelente\",\"isPartOf\":{\"@id\":\"https:\/\/www.casa-excelente.com\/#website\"},\"datePublished\":\"2023-01-19T12:57:38+00:00\",\"dateModified\":\"2023-06-08T09:09:14+00:00\",\"breadcrumb\":{\"@id\":\"https:\/\/www.casa-excelente.com\/de\/ratgeber\/#breadcrumb\"},\"inLanguage\":\"de-DE\",\"potentialAction\":[{\"@type\":\"ReadAction\",\"target\":[\"https:\/\/www.casa-excelente.com\/de\/ratgeber\/\"]}]},{\"@type\":\"BreadcrumbList\",\"@id\":\"https:\/\/www.casa-excelente.com\/de\/ratgeber\/#breadcrumb\",\"itemListElement\":[{\"@type\":\"ListItem\",\"position\":1,\"name\":\"Home\",\"item\":\"https:\/\/www.casa-excelente.com\/\"},{\"@type\":\"ListItem\",\"position\":2,\"name\":\"Ratgeber\"}]},{\"@type\":\"WebSite\",\"@id\":\"https:\/\/www.casa-excelente.com\/#website\",\"url\":\"https:\/\/www.casa-excelente.com\/\",\"name\":\"Casa Excelente\",\"description\":\"\",\"potentialAction\":[{\"@type\":\"SearchAction\",\"target\":{\"@type\":\"EntryPoint\",\"urlTemplate\":\"https:\/\/www.casa-excelente.com\/?s={search_term_string}\"},\"query-input\":\"required name=search_term_string\"}],\"inLanguage\":\"de-DE\"}]}<\/script>\n<!-- \/ Yoast SEO Premium plugin. -->","yoast_head_json":{"title":"Ratgeber - Casa Excelente","robots":{"index":"index","follow":"follow","max-snippet":"max-snippet:-1","max-image-preview":"max-image-preview:large","max-video-preview":"max-video-preview:-1"},"canonical":"https:\/\/www.casa-excelente.com\/de\/ratgeber\/","og_locale":"de_DE","og_type":"article","og_title":"Ratgeber","og_description":"Ratgeber Vor dem Kauf einer Immobilie in Spanien Was m\u00fcssen Sie vor dem Kauf einer Immobilie in Spanien wissen? Als B\u00fcrger eines Mitgliedstaates der Europ\u00e4ischen Union (EU) k\u00f6nnen Sie in Spanien ohne Einschr\u00e4nkungen Immobilien erwerben. Sie haben die gleichen Rechte wie jeder andere spanische B\u00fcrger. Kosten Beim Kauf einer Immobilie fallen neben dem Kaufpreis eine Reihe von zus\u00e4tzlichen Kosten an. Normalerweise belaufen sich diese ...","og_url":"https:\/\/www.casa-excelente.com\/de\/ratgeber\/","og_site_name":"Casa Excelente","article_modified_time":"2023-06-08T09:09:14+00:00","og_image":[{"url":"https:\/\/casa-excelente.com\/wp-content\/uploads\/2023\/06\/comprar-vivienda-casa-excelente.jpg"}],"twitter_card":"summary_large_image","twitter_misc":{"Gesch\u00e4tzte Lesezeit":"1 Minute"},"schema":{"@context":"https:\/\/schema.org","@graph":[{"@type":"WebPage","@id":"https:\/\/www.casa-excelente.com\/de\/ratgeber\/","url":"https:\/\/www.casa-excelente.com\/de\/ratgeber\/","name":"Ratgeber - Casa Excelente","isPartOf":{"@id":"https:\/\/www.casa-excelente.com\/#website"},"datePublished":"2023-01-19T12:57:38+00:00","dateModified":"2023-06-08T09:09:14+00:00","breadcrumb":{"@id":"https:\/\/www.casa-excelente.com\/de\/ratgeber\/#breadcrumb"},"inLanguage":"de-DE","potentialAction":[{"@type":"ReadAction","target":["https:\/\/www.casa-excelente.com\/de\/ratgeber\/"]}]},{"@type":"BreadcrumbList","@id":"https:\/\/www.casa-excelente.com\/de\/ratgeber\/#breadcrumb","itemListElement":[{"@type":"ListItem","position":1,"name":"Home","item":"https:\/\/www.casa-excelente.com\/"},{"@type":"ListItem","position":2,"name":"Ratgeber"}]},{"@type":"WebSite","@id":"https:\/\/www.casa-excelente.com\/#website","url":"https:\/\/www.casa-excelente.com\/","name":"Casa Excelente","description":"","potentialAction":[{"@type":"SearchAction","target":{"@type":"EntryPoint","urlTemplate":"https:\/\/www.casa-excelente.com\/?s={search_term_string}"},"query-input":"required name=search_term_string"}],"inLanguage":"de-DE"}]}},"_links":{"self":[{"href":"https:\/\/www.casa-excelente.com\/de\/wp-json\/wp\/v2\/pages\/32844"}],"collection":[{"href":"https:\/\/www.casa-excelente.com\/de\/wp-json\/wp\/v2\/pages"}],"about":[{"href":"https:\/\/www.casa-excelente.com\/de\/wp-json\/wp\/v2\/types\/page"}],"author":[{"embeddable":true,"href":"https:\/\/www.casa-excelente.com\/de\/wp-json\/wp\/v2\/users\/1"}],"replies":[{"embeddable":true,"href":"https:\/\/www.casa-excelente.com\/de\/wp-json\/wp\/v2\/comments?post=32844"}],"version-history":[{"count":53,"href":"https:\/\/www.casa-excelente.com\/de\/wp-json\/wp\/v2\/pages\/32844\/revisions"}],"predecessor-version":[{"id":34378,"href":"https:\/\/www.casa-excelente.com\/de\/wp-json\/wp\/v2\/pages\/32844\/revisions\/34378"}],"wp:featuredmedia":[{"embeddable":true,"href":"https:\/\/www.casa-excelente.com\/de\/wp-json\/wp\/v2\/media\/35159"}],"wp:attachment":[{"href":"https:\/\/www.casa-excelente.com\/de\/wp-json\/wp\/v2\/media?parent=32844"}],"curies":[{"name":"wp","href":"https:\/\/api.w.org\/{rel}","templated":true}]}}