{"id":32983,"date":"2023-01-17T12:45:42","date_gmt":"2023-01-17T12:45:42","guid":{"rendered":"https:\/\/casa-excelente.com\/?page_id=32983"},"modified":"2023-07-05T08:40:53","modified_gmt":"2023-07-05T08:40:53","slug":"dienstleistungen","status":"publish","type":"page","link":"https:\/\/www.casa-excelente.com\/de\/dienstleistungen\/","title":{"rendered":"Dienstleistungen"},"content":{"rendered":"\t\t<div data-elementor-type=\"wp-page\" data-elementor-id=\"32983\" class=\"elementor elementor-32983 elementor-30984\">\n\t\t\t\t\t\t\t\t\t<section class=\"elementor-section elementor-top-section elementor-element elementor-element-31936e3f animated-slow elementor-section-content-middle elementor-section-stretched elementor-section-boxed elementor-section-height-default elementor-section-height-default elementor-invisible\" data-id=\"31936e3f\" data-element_type=\"section\" data-settings=\"{&quot;background_background&quot;:&quot;classic&quot;,&quot;animation&quot;:&quot;fadeIn&quot;,&quot;stretch_section&quot;:&quot;section-stretched&quot;}\">\n\t\t\t\t\t\t\t<div class=\"elementor-background-overlay\"><\/div>\n\t\t\t\t\t\t\t<div class=\"elementor-container elementor-column-gap-no\">\n\t\t\t\t\t<div class=\"elementor-column elementor-col-100 elementor-top-column elementor-element elementor-element-5a0e78e0\" data-id=\"5a0e78e0\" data-element_type=\"column\" data-settings=\"{&quot;background_background&quot;:&quot;classic&quot;}\">\n\t\t\t<div class=\"elementor-widget-wrap elementor-element-populated\">\n\t\t\t\t\t\t\t\t<div class=\"elementor-element elementor-element-3c9de0ae elementor-widget elementor-widget-heading\" data-id=\"3c9de0ae\" data-element_type=\"widget\" data-widget_type=\"heading.default\">\n\t\t\t\t<div class=\"elementor-widget-container\">\n\t\t\t<style>\/*! elementor - v3.15.0 - 09-08-2023 *\/\n.elementor-heading-title{padding:0;margin:0;line-height:1}.elementor-widget-heading .elementor-heading-title[class*=elementor-size-]>a{color:inherit;font-size:inherit;line-height:inherit}.elementor-widget-heading .elementor-heading-title.elementor-size-small{font-size:15px}.elementor-widget-heading .elementor-heading-title.elementor-size-medium{font-size:19px}.elementor-widget-heading .elementor-heading-title.elementor-size-large{font-size:29px}.elementor-widget-heading .elementor-heading-title.elementor-size-xl{font-size:39px}.elementor-widget-heading .elementor-heading-title.elementor-size-xxl{font-size:59px}<\/style><h2 class=\"elementor-heading-title elementor-size-default\">Dienstleistungen<\/h2>\t\t<\/div>\n\t\t\t\t<\/div>\n\t\t\t\t\t<\/div>\n\t\t<\/div>\n\t\t\t\t\t\t\t<\/div>\n\t\t<\/section>\n\t\t\t\t<section class=\"elementor-section elementor-top-section elementor-element elementor-element-2f939be elementor-section-stretched elementor-section-boxed elementor-section-height-default elementor-section-height-default\" data-id=\"2f939be\" data-element_type=\"section\" data-settings=\"{&quot;background_background&quot;:&quot;classic&quot;,&quot;stretch_section&quot;:&quot;section-stretched&quot;}\">\n\t\t\t\t\t\t<div class=\"elementor-container elementor-column-gap-custom\">\n\t\t\t\t\t<div class=\"elementor-column elementor-col-50 elementor-top-column elementor-element elementor-element-9214b08\" data-id=\"9214b08\" data-element_type=\"column\">\n\t\t\t<div class=\"elementor-widget-wrap elementor-element-populated\">\n\t\t\t\t\t\t\t\t<div class=\"elementor-element elementor-element-8563694 elementor-widget elementor-widget-accordion\" data-id=\"8563694\" data-element_type=\"widget\" data-widget_type=\"accordion.default\">\n\t\t\t\t<div class=\"elementor-widget-container\">\n\t\t\t<style>\/*! elementor - v3.15.0 - 09-08-2023 *\/\n.elementor-accordion{text-align:left}.elementor-accordion .elementor-accordion-item{border:1px solid #d5d8dc}.elementor-accordion .elementor-accordion-item+.elementor-accordion-item{border-top:none}.elementor-accordion .elementor-tab-title{margin:0;padding:15px 20px;font-weight:700;line-height:1;cursor:pointer;outline:none}.elementor-accordion .elementor-tab-title .elementor-accordion-icon{display:inline-block;width:1.5em}.elementor-accordion .elementor-tab-title .elementor-accordion-icon svg{width:1em;height:1em}.elementor-accordion .elementor-tab-title .elementor-accordion-icon.elementor-accordion-icon-right{float:right;text-align:right}.elementor-accordion .elementor-tab-title .elementor-accordion-icon.elementor-accordion-icon-left{float:left;text-align:left}.elementor-accordion .elementor-tab-title .elementor-accordion-icon .elementor-accordion-icon-closed{display:block}.elementor-accordion .elementor-tab-title .elementor-accordion-icon .elementor-accordion-icon-opened,.elementor-accordion .elementor-tab-title.elementor-active .elementor-accordion-icon-closed{display:none}.elementor-accordion .elementor-tab-title.elementor-active .elementor-accordion-icon-opened{display:block}.elementor-accordion .elementor-tab-content{display:none;padding:15px 20px;border-top:1px solid #d5d8dc}@media (max-width:767px){.elementor-accordion .elementor-tab-title{padding:12px 15px}.elementor-accordion .elementor-tab-title .elementor-accordion-icon{width:1.2em}.elementor-accordion .elementor-tab-content{padding:7px 15px}}.e-con-inner>.elementor-widget-accordion,.e-con>.elementor-widget-accordion{width:var(--container-widget-width);--flex-grow:var(--container-widget-flex-grow)}<\/style>\t\t<div class=\"elementor-accordion\">\n\t\t\t\t\t\t\t<div class=\"elementor-accordion-item\">\n\t\t\t\t\t<div id=\"elementor-tab-title-1391\" class=\"elementor-tab-title\" data-tab=\"1\" role=\"button\" aria-controls=\"elementor-tab-content-1391\" aria-expanded=\"false\">\n\t\t\t\t\t\t\t\t\t\t\t\t\t<span class=\"elementor-accordion-icon elementor-accordion-icon-left\" aria-hidden=\"true\">\n\t\t\t\t\t\t\t\t\t\t\t\t\t\t\t<span class=\"elementor-accordion-icon-closed\"><i class=\"fas fa-angle-down\"><\/i><\/span>\n\t\t\t\t\t\t\t\t<span class=\"elementor-accordion-icon-opened\"><i class=\"fas fa-minus\"><\/i><\/span>\n\t\t\t\t\t\t\t\t\t\t\t\t\t\t<\/span>\n\t\t\t\t\t\t\t\t\t\t\t\t<a class=\"elementor-accordion-title\" tabindex=\"0\">Verwaltung<\/a>\n\t\t\t\t\t<\/div>\n\t\t\t\t\t<div id=\"elementor-tab-content-1391\" class=\"elementor-tab-content elementor-clearfix\" data-tab=\"1\" role=\"region\" aria-labelledby=\"elementor-tab-title-1391\"><p>Sobald der Kauf und die Schl\u00fcssel\u00fcbergabe abgeschlossen sind, bleiben Sie Kunde von Casa Excelente. Unsere T\u00fcren werden immer f\u00fcr Sie offen sein, und wenn Sie Fragen haben, werden wir immer da sein, um sie zu beantworten. <\/p>\n<p><\/p>\n<p>Wir helfen Ihnen bei den Formalit\u00e4ten mit den Beh\u00f6rden, bei der Wahl der Versicherung f\u00fcr Ihr Haus und bei allen anderen Angelegenheiten, die Sie betreffen. <\/p>\n<p><\/p>\n<p>W\u00e4hrend Ihrer Abwesenheit k\u00fcmmern wir uns gerne um Ihr Eigentum. Wenn Sie es w\u00fcnschen, vermitteln wir Ihnen einen zuverl\u00e4ssigen Hausmeister oder eine Person, die den Pool oder den Garten pflegt. Auch Renovierungs- und Reparaturarbeiten k\u00f6nnen wir f\u00fcr Sie organisieren. <\/p>\n<p><\/p>\n<p>Um Ihre laufenden Kosten m\u00f6glichst gering zu halten, k\u00f6nnen Sie Ihre Immobilie auch touristisch vermieten. Teilen Sie uns einfach die Ankunfts- und Abflugdaten Ihrer G\u00e4ste mit, und wir k\u00fcmmern uns um den Rest. Wenn Sie es w\u00fcnschen, helfen wir auch, Mieter f\u00fcr Sie zu finden. <\/p>\n<\/div>\n\t\t\t\t<\/div>\n\t\t\t\t\t\t\t<div class=\"elementor-accordion-item\">\n\t\t\t\t\t<div id=\"elementor-tab-title-1392\" class=\"elementor-tab-title\" data-tab=\"2\" role=\"button\" aria-controls=\"elementor-tab-content-1392\" aria-expanded=\"false\">\n\t\t\t\t\t\t\t\t\t\t\t\t\t<span class=\"elementor-accordion-icon elementor-accordion-icon-left\" aria-hidden=\"true\">\n\t\t\t\t\t\t\t\t\t\t\t\t\t\t\t<span class=\"elementor-accordion-icon-closed\"><i class=\"fas fa-angle-down\"><\/i><\/span>\n\t\t\t\t\t\t\t\t<span class=\"elementor-accordion-icon-opened\"><i class=\"fas fa-minus\"><\/i><\/span>\n\t\t\t\t\t\t\t\t\t\t\t\t\t\t<\/span>\n\t\t\t\t\t\t\t\t\t\t\t\t<a class=\"elementor-accordion-title\" tabindex=\"0\">Wohnungsbewertung\n<\/a>\n\t\t\t\t\t<\/div>\n\t\t\t\t\t<div id=\"elementor-tab-content-1392\" class=\"elementor-tab-content elementor-clearfix\" data-tab=\"2\" role=\"region\" aria-labelledby=\"elementor-tab-title-1392\"><p>Wenn Sie mit dem Gedanken spielen, Ihre Immobilie zu verkaufen, k\u00f6nnen Sie sich gerne an uns wenden, um eine Bewertung Ihrer Immobilie zu erhalten. Wir geben Ihnen einen detaillierten \u00dcberblick \u00fcber den Markt und die M\u00f6glichkeiten, Ihre Immobilie zu verkaufen.<\/p>\n<\/div>\n\t\t\t\t<\/div>\n\t\t\t\t\t\t\t<div class=\"elementor-accordion-item\">\n\t\t\t\t\t<div id=\"elementor-tab-title-1393\" class=\"elementor-tab-title\" data-tab=\"3\" role=\"button\" aria-controls=\"elementor-tab-content-1393\" aria-expanded=\"false\">\n\t\t\t\t\t\t\t\t\t\t\t\t\t<span class=\"elementor-accordion-icon elementor-accordion-icon-left\" aria-hidden=\"true\">\n\t\t\t\t\t\t\t\t\t\t\t\t\t\t\t<span class=\"elementor-accordion-icon-closed\"><i class=\"fas fa-angle-down\"><\/i><\/span>\n\t\t\t\t\t\t\t\t<span class=\"elementor-accordion-icon-opened\"><i class=\"fas fa-minus\"><\/i><\/span>\n\t\t\t\t\t\t\t\t\t\t\t\t\t\t<\/span>\n\t\t\t\t\t\t\t\t\t\t\t\t<a class=\"elementor-accordion-title\" tabindex=\"0\">Abwicklung von Erbangelegenheiten<\/a>\n\t\t\t\t\t<\/div>\n\t\t\t\t\t<div id=\"elementor-tab-content-1393\" class=\"elementor-tab-content elementor-clearfix\" data-tab=\"3\" role=\"region\" aria-labelledby=\"elementor-tab-title-1393\"><p>Wenn Sie in der Situation sind, dass Sie eine Immobilie geerbt haben und die Erbschaft im Grundbuch eingetragen werden muss oder Sie das Haus verkaufen m\u00f6chten, stehen wir Ihnen zur Verf\u00fcgung, um alles, was Sie rund um diese Angelegenheit ben\u00f6tigen, seri\u00f6s und taktvoll zu organisieren.<\/p>\n<\/div>\n\t\t\t\t<\/div>\n\t\t\t\t\t\t\t<div class=\"elementor-accordion-item\">\n\t\t\t\t\t<div id=\"elementor-tab-title-1394\" class=\"elementor-tab-title\" data-tab=\"4\" role=\"button\" aria-controls=\"elementor-tab-content-1394\" aria-expanded=\"false\">\n\t\t\t\t\t\t\t\t\t\t\t\t\t<span class=\"elementor-accordion-icon elementor-accordion-icon-left\" aria-hidden=\"true\">\n\t\t\t\t\t\t\t\t\t\t\t\t\t\t\t<span class=\"elementor-accordion-icon-closed\"><i class=\"fas fa-angle-down\"><\/i><\/span>\n\t\t\t\t\t\t\t\t<span class=\"elementor-accordion-icon-opened\"><i class=\"fas fa-minus\"><\/i><\/span>\n\t\t\t\t\t\t\t\t\t\t\t\t\t\t<\/span>\n\t\t\t\t\t\t\t\t\t\t\t\t<a class=\"elementor-accordion-title\" tabindex=\"0\">Wir kaufen ihr Haus<\/a>\n\t\t\t\t\t<\/div>\n\t\t\t\t\t<div id=\"elementor-tab-content-1394\" class=\"elementor-tab-content elementor-clearfix\" data-tab=\"4\" role=\"region\" aria-labelledby=\"elementor-tab-title-1394\"><p>Wir haben Kontakte zu Investoren, die Immobilien zum Kauf suchen. Wenn Sie auf der Suche nach einem schnellen Verkauf sind, k\u00f6nnen Sie uns gerne kontaktieren.<\/p>\n<\/div>\n\t\t\t\t<\/div>\n\t\t\t\t\t\t\t\t<\/div>\n\t\t\t\t<\/div>\n\t\t\t\t<\/div>\n\t\t\t\t\t<\/div>\n\t\t<\/div>\n\t\t\t\t<div class=\"elementor-column elementor-col-50 elementor-top-column elementor-element elementor-element-93b547f\" data-id=\"93b547f\" data-element_type=\"column\">\n\t\t\t<div class=\"elementor-widget-wrap elementor-element-populated\">\n\t\t\t\t\t\t\t\t<div class=\"elementor-element elementor-element-d0c0f8c elementor-widget elementor-widget-image\" data-id=\"d0c0f8c\" data-element_type=\"widget\" data-widget_type=\"image.default\">\n\t\t\t\t<div class=\"elementor-widget-container\">\n\t\t\t<style>\/*! elementor - v3.15.0 - 09-08-2023 *\/\n.elementor-widget-image{text-align:center}.elementor-widget-image a{display:inline-block}.elementor-widget-image a img[src$=\".svg\"]{width:48px}.elementor-widget-image img{vertical-align:middle;display:inline-block}<\/style>\t\t\t\t\t\t\t\t\t\t\t\t<img loading=\"lazy\" decoding=\"async\" width=\"571\" height=\"382\" src=\"https:\/\/www.casa-excelente.com\/wp-content\/uploads\/2023\/06\/servicios-de-administracion.jpg\" class=\"attachment-full size-full wp-image-34087\" alt=\"\" srcset=\"https:\/\/www.casa-excelente.com\/wp-content\/uploads\/2023\/06\/servicios-de-administracion.jpg 571w, https:\/\/www.casa-excelente.com\/wp-content\/uploads\/2023\/06\/servicios-de-administracion-300x201.jpg 300w, https:\/\/www.casa-excelente.com\/wp-content\/uploads\/2023\/06\/servicios-de-administracion-105x70.jpg 105w\" sizes=\"(max-width: 571px) 100vw, 571px\" \/>\t\t\t\t\t\t\t\t\t\t\t\t\t\t\t<\/div>\n\t\t\t\t<\/div>\n\t\t\t\t<div class=\"elementor-element elementor-element-95526d6 elementor-invisible elementor-widget elementor-widget-heading\" data-id=\"95526d6\" data-element_type=\"widget\" data-settings=\"{&quot;_animation&quot;:&quot;fadeIn&quot;,&quot;_animation_delay&quot;:200}\" data-widget_type=\"heading.default\">\n\t\t\t\t<div class=\"elementor-widget-container\">\n\t\t\t<h3 class=\"elementor-heading-title elementor-size-default\">Flug, Mietwagen & Abholung<\/h3>\t\t<\/div>\n\t\t\t\t<\/div>\n\t\t\t\t<div class=\"elementor-element elementor-element-a38154c elementor-invisible elementor-widget elementor-widget-text-editor\" data-id=\"a38154c\" data-element_type=\"widget\" data-settings=\"{&quot;_animation&quot;:&quot;fadeIn&quot;,&quot;_animation_delay&quot;:50}\" data-widget_type=\"text-editor.default\">\n\t\t\t\t<div class=\"elementor-widget-container\">\n\t\t\t<style>\/*! elementor - v3.15.0 - 09-08-2023 *\/\n.elementor-widget-text-editor.elementor-drop-cap-view-stacked .elementor-drop-cap{background-color:#69727d;color:#fff}.elementor-widget-text-editor.elementor-drop-cap-view-framed .elementor-drop-cap{color:#69727d;border:3px solid;background-color:transparent}.elementor-widget-text-editor:not(.elementor-drop-cap-view-default) .elementor-drop-cap{margin-top:8px}.elementor-widget-text-editor:not(.elementor-drop-cap-view-default) .elementor-drop-cap-letter{width:1em;height:1em}.elementor-widget-text-editor .elementor-drop-cap{float:left;text-align:center;line-height:1;font-size:50px}.elementor-widget-text-editor .elementor-drop-cap-letter{display:inline-block}<\/style>\t\t\t\t<p>Um Ihre Reise so einfach wie m\u00f6glich zu gestalten, arrangieren wir Ihren Flug und Ihren Mietwagen. Wenn Sie m\u00f6chten, k\u00f6nnen Sie auch unseren Shuttle-Service zum und vom Flughafen buchen.<\/p>\t\t\t\t\t\t<\/div>\n\t\t\t\t<\/div>\n\t\t\t\t<div class=\"elementor-element elementor-element-d0086aa elementor-widget elementor-widget-image\" data-id=\"d0086aa\" data-element_type=\"widget\" data-widget_type=\"image.default\">\n\t\t\t\t<div class=\"elementor-widget-container\">\n\t\t\t\t\t\t\t\t\t\t\t\t\t\t\t<img loading=\"lazy\" decoding=\"async\" width=\"571\" height=\"382\" src=\"https:\/\/www.casa-excelente.com\/wp-content\/uploads\/2023\/06\/vuelo-coche-recogida.jpg\" class=\"attachment-full size-full wp-image-34090\" alt=\"\" srcset=\"https:\/\/www.casa-excelente.com\/wp-content\/uploads\/2023\/06\/vuelo-coche-recogida.jpg 571w, https:\/\/www.casa-excelente.com\/wp-content\/uploads\/2023\/06\/vuelo-coche-recogida-300x201.jpg 300w, https:\/\/www.casa-excelente.com\/wp-content\/uploads\/2023\/06\/vuelo-coche-recogida-105x70.jpg 105w\" sizes=\"(max-width: 571px) 100vw, 571px\" \/>\t\t\t\t\t\t\t\t\t\t\t\t\t\t\t<\/div>\n\t\t\t\t<\/div>\n\t\t\t\t\t<\/div>\n\t\t<\/div>\n\t\t\t\t\t\t\t<\/div>\n\t\t<\/section>\n\t\t\t\t<section class=\"elementor-section elementor-top-section elementor-element elementor-element-9ab91f5 elementor-section-stretched elementor-section-boxed elementor-section-height-default elementor-section-height-default\" data-id=\"9ab91f5\" data-element_type=\"section\" data-settings=\"{&quot;background_background&quot;:&quot;classic&quot;,&quot;stretch_section&quot;:&quot;section-stretched&quot;}\">\n\t\t\t\t\t\t<div class=\"elementor-container elementor-column-gap-custom\">\n\t\t\t\t\t<div class=\"elementor-column elementor-col-33 elementor-top-column elementor-element elementor-element-b5b3e59\" data-id=\"b5b3e59\" data-element_type=\"column\">\n\t\t\t<div class=\"elementor-widget-wrap elementor-element-populated\">\n\t\t\t\t\t\t\t\t<div class=\"elementor-element elementor-element-9458a37 elementor-button-info elementor-align-justify elementor-widget elementor-widget-button\" data-id=\"9458a37\" data-element_type=\"widget\" data-widget_type=\"button.default\">\n\t\t\t\t<div class=\"elementor-widget-container\">\n\t\t\t\t\t<div class=\"elementor-button-wrapper\">\n\t\t\t<a class=\"elementor-button elementor-button-link elementor-size-sm elementor-animation-shrink\" href=\"\/de\/ratgeber\/\">\n\t\t\t\t\t\t<span class=\"elementor-button-content-wrapper\">\n\t\t\t\t\t\t<span class=\"elementor-button-text\">Ratgeber<\/span>\n\t\t<\/span>\n\t\t\t\t\t<\/a>\n\t\t<\/div>\n\t\t\t\t<\/div>\n\t\t\t\t<\/div>\n\t\t\t\t\t<\/div>\n\t\t<\/div>\n\t\t\t\t<div class=\"elementor-column elementor-col-33 elementor-top-column elementor-element elementor-element-c2c2b9c\" data-id=\"c2c2b9c\" data-element_type=\"column\">\n\t\t\t<div class=\"elementor-widget-wrap elementor-element-populated\">\n\t\t\t\t\t\t\t\t<div class=\"elementor-element elementor-element-77d9b44 elementor-button-info elementor-align-justify e-transform elementor-widget elementor-widget-button\" data-id=\"77d9b44\" data-element_type=\"widget\" data-settings=\"{&quot;_transform_scale_effect&quot;:{&quot;unit&quot;:&quot;px&quot;,&quot;size&quot;:&quot;&quot;,&quot;sizes&quot;:[]},&quot;_transform_scale_effect_tablet&quot;:{&quot;unit&quot;:&quot;px&quot;,&quot;size&quot;:&quot;&quot;,&quot;sizes&quot;:[]},&quot;_transform_scale_effect_mobile&quot;:{&quot;unit&quot;:&quot;px&quot;,&quot;size&quot;:&quot;&quot;,&quot;sizes&quot;:[]}}\" data-widget_type=\"button.default\">\n\t\t\t\t<div class=\"elementor-widget-container\">\n\t\t\t\t\t<div class=\"elementor-button-wrapper\">\n\t\t\t<a class=\"elementor-button elementor-button-link elementor-size-sm elementor-animation-shrink\" href=\"\/de\/lifestyle-de\/\">\n\t\t\t\t\t\t<span class=\"elementor-button-content-wrapper\">\n\t\t\t\t\t\t<span class=\"elementor-button-text\">Lifestyle<\/span>\n\t\t<\/span>\n\t\t\t\t\t<\/a>\n\t\t<\/div>\n\t\t\t\t<\/div>\n\t\t\t\t<\/div>\n\t\t\t\t\t<\/div>\n\t\t<\/div>\n\t\t\t\t<div class=\"elementor-column elementor-col-33 elementor-top-column elementor-element elementor-element-d7314ec\" data-id=\"d7314ec\" data-element_type=\"column\">\n\t\t\t<div class=\"elementor-widget-wrap elementor-element-populated\">\n\t\t\t\t\t\t\t\t<div class=\"elementor-element elementor-element-e9cb6e9 elementor-button-info elementor-align-justify elementor-widget__width-inherit e-transform elementor-widget elementor-widget-button\" data-id=\"e9cb6e9\" data-element_type=\"widget\" data-settings=\"{&quot;_transform_scale_effect&quot;:{&quot;unit&quot;:&quot;px&quot;,&quot;size&quot;:&quot;&quot;,&quot;sizes&quot;:[]},&quot;_transform_scale_effect_tablet&quot;:{&quot;unit&quot;:&quot;px&quot;,&quot;size&quot;:&quot;&quot;,&quot;sizes&quot;:[]},&quot;_transform_scale_effect_mobile&quot;:{&quot;unit&quot;:&quot;px&quot;,&quot;size&quot;:&quot;&quot;,&quot;sizes&quot;:[]}}\" data-widget_type=\"button.default\">\n\t\t\t\t<div class=\"elementor-widget-container\">\n\t\t\t\t\t<div class=\"elementor-button-wrapper\">\n\t\t\t<a class=\"elementor-button elementor-button-link elementor-size-sm elementor-animation-shrink\" href=\"\/de\/kontakt\/\">\n\t\t\t\t\t\t<span class=\"elementor-button-content-wrapper\">\n\t\t\t\t\t\t<span class=\"elementor-button-text\">Kontakt<\/span>\n\t\t<\/span>\n\t\t\t\t\t<\/a>\n\t\t<\/div>\n\t\t\t\t<\/div>\n\t\t\t\t<\/div>\n\t\t\t\t\t<\/div>\n\t\t<\/div>\n\t\t\t\t\t\t\t<\/div>\n\t\t<\/section>\n\t\t\t\t\t\t\t<\/div>\n\t\t","protected":false},"excerpt":{"rendered":"<p>Dienstleistungen Verwaltung Sobald der Kauf und die Schl\u00fcssel\u00fcbergabe abgeschlossen sind, bleiben Sie Kunde von Casa Excelente. Unsere T\u00fcren werden immer f\u00fcr Sie offen sein, und wenn Sie Fragen haben, werden wir immer da sein, um sie zu beantworten. Wir helfen Ihnen bei den Formalit\u00e4ten mit den Beh\u00f6rden, bei der Wahl der Versicherung f\u00fcr Ihr Haus und bei allen anderen Angelegenheiten, die Sie betreffen. W\u00e4hrend &#8230;<\/p>\n","protected":false},"author":1,"featured_media":35147,"parent":0,"menu_order":0,"comment_status":"closed","ping_status":"closed","template":"elementor_header_footer","meta":{"footnotes":""},"yoast_head":"<!-- This site is optimized with the Yoast SEO Premium plugin v20.7 (Yoast SEO v20.13) - https:\/\/yoast.com\/wordpress\/plugins\/seo\/ -->\n<title>Dienstleistungen - Casa Excelente<\/title>\n<meta name=\"robots\" content=\"index, follow, max-snippet:-1, max-image-preview:large, max-video-preview:-1\" \/>\n<link rel=\"canonical\" href=\"https:\/\/www.casa-excelente.com\/de\/dienstleistungen\/\" \/>\n<meta property=\"og:locale\" content=\"de_DE\" \/>\n<meta property=\"og:type\" content=\"article\" \/>\n<meta property=\"og:title\" content=\"Dienstleistungen\" \/>\n<meta property=\"og:description\" content=\"Dienstleistungen Verwaltung Sobald der Kauf und die Schl\u00fcssel\u00fcbergabe abgeschlossen sind, bleiben Sie Kunde von Casa Excelente. Unsere T\u00fcren werden immer f\u00fcr Sie offen sein, und wenn Sie Fragen haben, werden wir immer da sein, um sie zu beantworten. Wir helfen Ihnen bei den Formalit\u00e4ten mit den Beh\u00f6rden, bei der Wahl der Versicherung f\u00fcr Ihr Haus und bei allen anderen Angelegenheiten, die Sie betreffen. W\u00e4hrend ...\" \/>\n<meta property=\"og:url\" content=\"https:\/\/www.casa-excelente.com\/de\/dienstleistungen\/\" \/>\n<meta property=\"og:site_name\" content=\"Casa Excelente\" \/>\n<meta property=\"article:modified_time\" content=\"2023-07-05T08:40:53+00:00\" \/>\n<meta property=\"og:image\" content=\"https:\/\/casa-excelente.com\/wp-content\/uploads\/2023\/06\/servicios-de-administracion.jpg\" \/>\n<meta name=\"twitter:card\" content=\"summary_large_image\" \/>\n<meta name=\"twitter:label1\" content=\"Gesch\u00e4tzte Lesezeit\" \/>\n\t<meta name=\"twitter:data1\" content=\"2 Minuten\" \/>\n<script type=\"application\/ld+json\" class=\"yoast-schema-graph\">{\"@context\":\"https:\/\/schema.org\",\"@graph\":[{\"@type\":\"WebPage\",\"@id\":\"https:\/\/www.casa-excelente.com\/de\/dienstleistungen\/\",\"url\":\"https:\/\/www.casa-excelente.com\/de\/dienstleistungen\/\",\"name\":\"Dienstleistungen - Casa Excelente\",\"isPartOf\":{\"@id\":\"https:\/\/www.casa-excelente.com\/#website\"},\"datePublished\":\"2023-01-17T12:45:42+00:00\",\"dateModified\":\"2023-07-05T08:40:53+00:00\",\"breadcrumb\":{\"@id\":\"https:\/\/www.casa-excelente.com\/de\/dienstleistungen\/#breadcrumb\"},\"inLanguage\":\"de-DE\",\"potentialAction\":[{\"@type\":\"ReadAction\",\"target\":[\"https:\/\/www.casa-excelente.com\/de\/dienstleistungen\/\"]}]},{\"@type\":\"BreadcrumbList\",\"@id\":\"https:\/\/www.casa-excelente.com\/de\/dienstleistungen\/#breadcrumb\",\"itemListElement\":[{\"@type\":\"ListItem\",\"position\":1,\"name\":\"Home\",\"item\":\"https:\/\/www.casa-excelente.com\/\"},{\"@type\":\"ListItem\",\"position\":2,\"name\":\"Dienstleistungen\"}]},{\"@type\":\"WebSite\",\"@id\":\"https:\/\/www.casa-excelente.com\/#website\",\"url\":\"https:\/\/www.casa-excelente.com\/\",\"name\":\"Casa Excelente\",\"description\":\"\",\"potentialAction\":[{\"@type\":\"SearchAction\",\"target\":{\"@type\":\"EntryPoint\",\"urlTemplate\":\"https:\/\/www.casa-excelente.com\/?s={search_term_string}\"},\"query-input\":\"required name=search_term_string\"}],\"inLanguage\":\"de-DE\"}]}<\/script>\n<!-- \/ Yoast SEO Premium plugin. -->","yoast_head_json":{"title":"Dienstleistungen - Casa Excelente","robots":{"index":"index","follow":"follow","max-snippet":"max-snippet:-1","max-image-preview":"max-image-preview:large","max-video-preview":"max-video-preview:-1"},"canonical":"https:\/\/www.casa-excelente.com\/de\/dienstleistungen\/","og_locale":"de_DE","og_type":"article","og_title":"Dienstleistungen","og_description":"Dienstleistungen Verwaltung Sobald der Kauf und die Schl\u00fcssel\u00fcbergabe abgeschlossen sind, bleiben Sie Kunde von Casa Excelente. Unsere T\u00fcren werden immer f\u00fcr Sie offen sein, und wenn Sie Fragen haben, werden wir immer da sein, um sie zu beantworten. Wir helfen Ihnen bei den Formalit\u00e4ten mit den Beh\u00f6rden, bei der Wahl der Versicherung f\u00fcr Ihr Haus und bei allen anderen Angelegenheiten, die Sie betreffen. W\u00e4hrend ...","og_url":"https:\/\/www.casa-excelente.com\/de\/dienstleistungen\/","og_site_name":"Casa Excelente","article_modified_time":"2023-07-05T08:40:53+00:00","og_image":[{"url":"https:\/\/casa-excelente.com\/wp-content\/uploads\/2023\/06\/servicios-de-administracion.jpg"}],"twitter_card":"summary_large_image","twitter_misc":{"Gesch\u00e4tzte Lesezeit":"2 Minuten"},"schema":{"@context":"https:\/\/schema.org","@graph":[{"@type":"WebPage","@id":"https:\/\/www.casa-excelente.com\/de\/dienstleistungen\/","url":"https:\/\/www.casa-excelente.com\/de\/dienstleistungen\/","name":"Dienstleistungen - Casa Excelente","isPartOf":{"@id":"https:\/\/www.casa-excelente.com\/#website"},"datePublished":"2023-01-17T12:45:42+00:00","dateModified":"2023-07-05T08:40:53+00:00","breadcrumb":{"@id":"https:\/\/www.casa-excelente.com\/de\/dienstleistungen\/#breadcrumb"},"inLanguage":"de-DE","potentialAction":[{"@type":"ReadAction","target":["https:\/\/www.casa-excelente.com\/de\/dienstleistungen\/"]}]},{"@type":"BreadcrumbList","@id":"https:\/\/www.casa-excelente.com\/de\/dienstleistungen\/#breadcrumb","itemListElement":[{"@type":"ListItem","position":1,"name":"Home","item":"https:\/\/www.casa-excelente.com\/"},{"@type":"ListItem","position":2,"name":"Dienstleistungen"}]},{"@type":"WebSite","@id":"https:\/\/www.casa-excelente.com\/#website","url":"https:\/\/www.casa-excelente.com\/","name":"Casa Excelente","description":"","potentialAction":[{"@type":"SearchAction","target":{"@type":"EntryPoint","urlTemplate":"https:\/\/www.casa-excelente.com\/?s={search_term_string}"},"query-input":"required name=search_term_string"}],"inLanguage":"de-DE"}]}},"_links":{"self":[{"href":"https:\/\/www.casa-excelente.com\/de\/wp-json\/wp\/v2\/pages\/32983"}],"collection":[{"href":"https:\/\/www.casa-excelente.com\/de\/wp-json\/wp\/v2\/pages"}],"about":[{"href":"https:\/\/www.casa-excelente.com\/de\/wp-json\/wp\/v2\/types\/page"}],"author":[{"embeddable":true,"href":"https:\/\/www.casa-excelente.com\/de\/wp-json\/wp\/v2\/users\/1"}],"replies":[{"embeddable":true,"href":"https:\/\/www.casa-excelente.com\/de\/wp-json\/wp\/v2\/comments?post=32983"}],"version-history":[{"count":65,"href":"https:\/\/www.casa-excelente.com\/de\/wp-json\/wp\/v2\/pages\/32983\/revisions"}],"predecessor-version":[{"id":35037,"href":"https:\/\/www.casa-excelente.com\/de\/wp-json\/wp\/v2\/pages\/32983\/revisions\/35037"}],"wp:featuredmedia":[{"embeddable":true,"href":"https:\/\/www.casa-excelente.com\/de\/wp-json\/wp\/v2\/media\/35147"}],"wp:attachment":[{"href":"https:\/\/www.casa-excelente.com\/de\/wp-json\/wp\/v2\/media?parent=32983"}],"curies":[{"name":"wp","href":"https:\/\/api.w.org\/{rel}","templated":true}]}}