{"id":33020,"date":"2023-01-31T09:36:17","date_gmt":"2023-01-31T09:36:17","guid":{"rendered":"https:\/\/casa-excelente.com\/32990-2\/"},"modified":"2023-06-08T10:52:14","modified_gmt":"2023-06-08T10:52:14","slug":"torremolinos","status":"publish","type":"page","link":"https:\/\/www.casa-excelente.com\/de\/torremolinos\/","title":{"rendered":"Torremolinos"},"content":{"rendered":"\t\t<div data-elementor-type=\"wp-page\" data-elementor-id=\"33020\" class=\"elementor elementor-33020 elementor-31437\">\n\t\t\t\t\t\t\t\t\t<section class=\"elementor-section elementor-top-section elementor-element elementor-element-31936e3f animated-slow elementor-section-content-middle elementor-section-stretched elementor-section-boxed elementor-section-height-default elementor-section-height-default elementor-invisible\" data-id=\"31936e3f\" data-element_type=\"section\" data-settings=\"{&quot;background_background&quot;:&quot;classic&quot;,&quot;animation&quot;:&quot;fadeIn&quot;,&quot;stretch_section&quot;:&quot;section-stretched&quot;,&quot;shape_divider_bottom&quot;:&quot;mountains&quot;}\">\n\t\t\t\t\t\t\t<div class=\"elementor-background-overlay\"><\/div>\n\t\t\t\t\t\t<div class=\"elementor-shape elementor-shape-bottom\" data-negative=\"false\">\n\t\t\t<svg xmlns=\"http:\/\/www.w3.org\/2000\/svg\" viewBox=\"0 0 1000 100\" preserveAspectRatio=\"none\">\n\t<path class=\"elementor-shape-fill\" opacity=\"0.33\" d=\"M473,67.3c-203.9,88.3-263.1-34-320.3,0C66,119.1,0,59.7,0,59.7V0h1000v59.7 c0,0-62.1,26.1-94.9,29.3c-32.8,3.3-62.8-12.3-75.8-22.1C806,49.6,745.3,8.7,694.9,4.7S492.4,59,473,67.3z\"\/>\n\t<path class=\"elementor-shape-fill\" opacity=\"0.66\" d=\"M734,67.3c-45.5,0-77.2-23.2-129.1-39.1c-28.6-8.7-150.3-10.1-254,39.1 s-91.7-34.4-149.2,0C115.7,118.3,0,39.8,0,39.8V0h1000v36.5c0,0-28.2-18.5-92.1-18.5C810.2,18.1,775.7,67.3,734,67.3z\"\/>\n\t<path class=\"elementor-shape-fill\" d=\"M766.1,28.9c-200-57.5-266,65.5-395.1,19.5C242,1.8,242,5.4,184.8,20.6C128,35.8,132.3,44.9,89.9,52.5C28.6,63.7,0,0,0,0 h1000c0,0-9.9,40.9-83.6,48.1S829.6,47,766.1,28.9z\"\/>\n<\/svg>\t\t<\/div>\n\t\t\t\t\t<div class=\"elementor-container elementor-column-gap-no\">\n\t\t\t\t\t<div class=\"elementor-column elementor-col-100 elementor-top-column elementor-element elementor-element-5a0e78e0\" data-id=\"5a0e78e0\" data-element_type=\"column\" data-settings=\"{&quot;background_background&quot;:&quot;classic&quot;}\">\n\t\t\t<div class=\"elementor-widget-wrap elementor-element-populated\">\n\t\t\t\t\t\t\t\t<div class=\"elementor-element elementor-element-3c9de0ae elementor-widget elementor-widget-heading\" data-id=\"3c9de0ae\" data-element_type=\"widget\" data-widget_type=\"heading.default\">\n\t\t\t\t<div class=\"elementor-widget-container\">\n\t\t\t<style>\/*! elementor - v3.15.0 - 09-08-2023 *\/\n.elementor-heading-title{padding:0;margin:0;line-height:1}.elementor-widget-heading .elementor-heading-title[class*=elementor-size-]>a{color:inherit;font-size:inherit;line-height:inherit}.elementor-widget-heading .elementor-heading-title.elementor-size-small{font-size:15px}.elementor-widget-heading .elementor-heading-title.elementor-size-medium{font-size:19px}.elementor-widget-heading .elementor-heading-title.elementor-size-large{font-size:29px}.elementor-widget-heading .elementor-heading-title.elementor-size-xl{font-size:39px}.elementor-widget-heading .elementor-heading-title.elementor-size-xxl{font-size:59px}<\/style><h2 class=\"elementor-heading-title elementor-size-default\">Torremolinos<\/h2>\t\t<\/div>\n\t\t\t\t<\/div>\n\t\t\t\t\t<\/div>\n\t\t<\/div>\n\t\t\t\t\t\t\t<\/div>\n\t\t<\/section>\n\t\t\t\t<section class=\"elementor-section elementor-top-section elementor-element elementor-element-9574aa5 elementor-section-boxed elementor-section-height-default elementor-section-height-default\" data-id=\"9574aa5\" data-element_type=\"section\">\n\t\t\t\t\t\t<div class=\"elementor-container elementor-column-gap-default\">\n\t\t\t\t\t<div class=\"elementor-column elementor-col-100 elementor-top-column elementor-element elementor-element-3703804\" data-id=\"3703804\" data-element_type=\"column\">\n\t\t\t<div class=\"elementor-widget-wrap elementor-element-populated\">\n\t\t\t\t\t\t\t\t<div class=\"elementor-element elementor-element-0b6ba75 elementor-widget elementor-widget-spacer\" data-id=\"0b6ba75\" data-element_type=\"widget\" data-widget_type=\"spacer.default\">\n\t\t\t\t<div class=\"elementor-widget-container\">\n\t\t\t<style>\/*! elementor - v3.15.0 - 09-08-2023 *\/\n.elementor-column .elementor-spacer-inner{height:var(--spacer-size)}.e-con{--container-widget-width:100%}.e-con-inner>.elementor-widget-spacer,.e-con>.elementor-widget-spacer{width:var(--container-widget-width,var(--spacer-size));--align-self:var(--container-widget-align-self,initial);--flex-shrink:0}.e-con-inner>.elementor-widget-spacer>.elementor-widget-container,.e-con-inner>.elementor-widget-spacer>.elementor-widget-container>.elementor-spacer,.e-con>.elementor-widget-spacer>.elementor-widget-container,.e-con>.elementor-widget-spacer>.elementor-widget-container>.elementor-spacer{height:100%}.e-con-inner>.elementor-widget-spacer>.elementor-widget-container>.elementor-spacer>.elementor-spacer-inner,.e-con>.elementor-widget-spacer>.elementor-widget-container>.elementor-spacer>.elementor-spacer-inner{height:var(--container-widget-height,var(--spacer-size))}<\/style>\t\t<div class=\"elementor-spacer\">\n\t\t\t<div class=\"elementor-spacer-inner\"><\/div>\n\t\t<\/div>\n\t\t\t\t<\/div>\n\t\t\t\t<\/div>\n\t\t\t\t<div class=\"elementor-element elementor-element-e99655a elementor-invisible elementor-widget elementor-widget-text-editor\" data-id=\"e99655a\" data-element_type=\"widget\" data-settings=\"{&quot;_animation&quot;:&quot;fadeIn&quot;,&quot;_animation_delay&quot;:50}\" data-widget_type=\"text-editor.default\">\n\t\t\t\t<div class=\"elementor-widget-container\">\n\t\t\t<style>\/*! elementor - v3.15.0 - 09-08-2023 *\/\n.elementor-widget-text-editor.elementor-drop-cap-view-stacked .elementor-drop-cap{background-color:#69727d;color:#fff}.elementor-widget-text-editor.elementor-drop-cap-view-framed .elementor-drop-cap{color:#69727d;border:3px solid;background-color:transparent}.elementor-widget-text-editor:not(.elementor-drop-cap-view-default) .elementor-drop-cap{margin-top:8px}.elementor-widget-text-editor:not(.elementor-drop-cap-view-default) .elementor-drop-cap-letter{width:1em;height:1em}.elementor-widget-text-editor .elementor-drop-cap{float:left;text-align:center;line-height:1;font-size:50px}.elementor-widget-text-editor .elementor-drop-cap-letter{display:inline-block}<\/style>\t\t\t\tTorremolinos ist einer der gr\u00f6\u00dften und ber\u00fchmtesten Ferienorte an der Costa del Sol. Torremolinos scheint auf den ersten Blick nicht besonders attraktiv, aber der Ort zeigt verschiedene Seiten: zum einen die Baus\u00fcnden der 60er und 70er Jahre mit den vielen einfach in die H\u00f6he gebauten Hotels, zum anderen gibt es auch Viertel mit kleineren Hotels und Anlagen. An den Str\u00e4nden gibt es jede Menge Strandst\u00e4nde (Chiringuitos) die frittierten Fisch, Snacks und Erfrischungen verkaufen. Der Weg vom Strand zum Stadtzentrum f\u00fchrt \u00fcber jede Menge Treppen hinauf. Wer richtig andalusisch essen m\u00f6chte, wird es bei der gro\u00dfen Anzahl an ausl\u00e4ndischen Restaurants und Schnellimbissen schwer haben.\n\nJede Nationalit\u00e4t scheint \u00fcber seine eigene Bar zu verf\u00fcgen, und in den Nachtclubs spielt man die neueste Musik bis zum Morgengrauen. Torremolinos steht f\u00fcr jede Menge (jungen) Spa&amp;szlig. <span style=\"font-weight: bold;\"><span style=\"color: #1588c9;\"><a style=\"color: #1588c9;\" href=\"\/de\/lifestyle-de\/\">&#8211; Gehe zu Lifestyle<\/a><\/span><\/span>\t\t\t\t\t\t<\/div>\n\t\t\t\t<\/div>\n\t\t\t\t\t<\/div>\n\t\t<\/div>\n\t\t\t\t\t\t\t<\/div>\n\t\t<\/section>\n\t\t\t\t<section class=\"elementor-section elementor-top-section elementor-element elementor-element-99a6f98 elementor-section-boxed elementor-section-height-default elementor-section-height-default\" data-id=\"99a6f98\" data-element_type=\"section\">\n\t\t\t\t\t\t<div class=\"elementor-container elementor-column-gap-default\">\n\t\t\t\t\t<div class=\"elementor-column elementor-col-33 elementor-top-column elementor-element elementor-element-4cc3bcc\" data-id=\"4cc3bcc\" data-element_type=\"column\">\n\t\t\t<div class=\"elementor-widget-wrap elementor-element-populated\">\n\t\t\t\t\t\t\t\t<div class=\"elementor-element elementor-element-3529f3c elementor-widget elementor-widget-image\" data-id=\"3529f3c\" data-element_type=\"widget\" data-widget_type=\"image.default\">\n\t\t\t\t<div class=\"elementor-widget-container\">\n\t\t\t<style>\/*! elementor - v3.15.0 - 09-08-2023 *\/\n.elementor-widget-image{text-align:center}.elementor-widget-image a{display:inline-block}.elementor-widget-image a img[src$=\".svg\"]{width:48px}.elementor-widget-image img{vertical-align:middle;display:inline-block}<\/style>\t\t\t\t\t\t\t\t\t\t\t\t\t<a href=\"https:\/\/casa-excelente.com\/wp-content\/uploads\/2023\/04\/playa-torremolinos.jpg\" data-elementor-open-lightbox=\"yes\" data-elementor-lightbox-title=\"playa-torremolinos\" data-e-action-hash=\"#elementor-action%3Aaction%3Dlightbox%26settings%3DeyJpZCI6MzIxNDYsInVybCI6Imh0dHBzOlwvXC93d3cuY2FzYS1leGNlbGVudGUuY29tXC93cC1jb250ZW50XC91cGxvYWRzXC8yMDIzXC8wNFwvcGxheWEtdG9ycmVtb2xpbm9zLmpwZyJ9\">\n\t\t\t\t\t\t\t<img loading=\"lazy\" decoding=\"async\" width=\"600\" height=\"400\" src=\"https:\/\/www.casa-excelente.com\/wp-content\/uploads\/2023\/04\/playa-torremolinos.jpg\" class=\"attachment-full size-full wp-image-32146\" alt=\"\" srcset=\"https:\/\/www.casa-excelente.com\/wp-content\/uploads\/2023\/04\/playa-torremolinos.jpg 600w, https:\/\/www.casa-excelente.com\/wp-content\/uploads\/2023\/04\/playa-torremolinos-300x200.jpg 300w, https:\/\/www.casa-excelente.com\/wp-content\/uploads\/2023\/04\/playa-torremolinos-105x70.jpg 105w\" sizes=\"(max-width: 600px) 100vw, 600px\" \/>\t\t\t\t\t\t\t\t<\/a>\n\t\t\t\t\t\t\t\t\t\t\t\t\t\t\t<\/div>\n\t\t\t\t<\/div>\n\t\t\t\t<div class=\"elementor-element elementor-element-600d2a3 elementor-widget elementor-widget-text-editor\" data-id=\"600d2a3\" data-element_type=\"widget\" data-widget_type=\"text-editor.default\">\n\t\t\t\t<div class=\"elementor-widget-container\">\n\t\t\t\t\t\t\t<p style=\"text-align: center;\">Torremolinos Str\u00e4nde<\/p>\t\t\t\t\t\t<\/div>\n\t\t\t\t<\/div>\n\t\t\t\t\t<\/div>\n\t\t<\/div>\n\t\t\t\t<div class=\"elementor-column elementor-col-33 elementor-top-column elementor-element elementor-element-9b770d9\" data-id=\"9b770d9\" data-element_type=\"column\">\n\t\t\t<div class=\"elementor-widget-wrap elementor-element-populated\">\n\t\t\t\t\t\t\t\t<div class=\"elementor-element elementor-element-3887d18 elementor-widget elementor-widget-image\" data-id=\"3887d18\" data-element_type=\"widget\" data-widget_type=\"image.default\">\n\t\t\t\t<div class=\"elementor-widget-container\">\n\t\t\t\t\t\t\t\t\t\t\t\t\t\t\t\t<a href=\"https:\/\/casa-excelente.com\/wp-content\/uploads\/2023\/04\/plaza-costa-del-sol.jpg\" data-elementor-open-lightbox=\"yes\" data-elementor-lightbox-title=\"plaza-costa-del-sol\" data-e-action-hash=\"#elementor-action%3Aaction%3Dlightbox%26settings%3DeyJpZCI6MzIxNTIsInVybCI6Imh0dHBzOlwvXC93d3cuY2FzYS1leGNlbGVudGUuY29tXC93cC1jb250ZW50XC91cGxvYWRzXC8yMDIzXC8wNFwvcGxhemEtY29zdGEtZGVsLXNvbC5qcGcifQ%3D%3D\">\n\t\t\t\t\t\t\t<img decoding=\"async\" src=\"https:\/\/www.casa-excelente.com\/wp-content\/uploads\/2023\/04\/plaza-costa-del-sol.jpg\" title=\"plaza-costa-del-sol\" alt=\"plaza-costa-del-sol\" loading=\"lazy\" \/>\t\t\t\t\t\t\t\t<\/a>\n\t\t\t\t\t\t\t\t\t\t\t\t\t\t\t<\/div>\n\t\t\t\t<\/div>\n\t\t\t\t<div class=\"elementor-element elementor-element-411bb9c elementor-widget elementor-widget-text-editor\" data-id=\"411bb9c\" data-element_type=\"widget\" data-widget_type=\"text-editor.default\">\n\t\t\t\t<div class=\"elementor-widget-container\">\n\t\t\t\t\t\t\t<p style=\"text-align: center;\">Costa del Sol Platz<\/p>\t\t\t\t\t\t<\/div>\n\t\t\t\t<\/div>\n\t\t\t\t\t<\/div>\n\t\t<\/div>\n\t\t\t\t<div class=\"elementor-column elementor-col-33 elementor-top-column elementor-element elementor-element-ee1dbb2\" data-id=\"ee1dbb2\" data-element_type=\"column\">\n\t\t\t<div class=\"elementor-widget-wrap elementor-element-populated\">\n\t\t\t\t\t\t\t\t<div class=\"elementor-element elementor-element-3613ad3 elementor-widget elementor-widget-image\" data-id=\"3613ad3\" data-element_type=\"widget\" data-widget_type=\"image.default\">\n\t\t\t\t<div class=\"elementor-widget-container\">\n\t\t\t\t\t\t\t\t\t\t\t\t\t\t\t\t<a href=\"https:\/\/casa-excelente.com\/wp-content\/uploads\/2023\/04\/torremolinos-ambiente.jpg\" data-elementor-open-lightbox=\"yes\" data-elementor-lightbox-title=\"torremolinos-ambiente\" data-e-action-hash=\"#elementor-action%3Aaction%3Dlightbox%26settings%3DeyJpZCI6MzIxNTUsInVybCI6Imh0dHBzOlwvXC93d3cuY2FzYS1leGNlbGVudGUuY29tXC93cC1jb250ZW50XC91cGxvYWRzXC8yMDIzXC8wNFwvdG9ycmVtb2xpbm9zLWFtYmllbnRlLmpwZyJ9\">\n\t\t\t\t\t\t\t<img loading=\"lazy\" decoding=\"async\" width=\"600\" height=\"400\" src=\"https:\/\/www.casa-excelente.com\/wp-content\/uploads\/2023\/04\/torremolinos-ambiente.jpg\" class=\"attachment-large size-large wp-image-32155\" alt=\"\" srcset=\"https:\/\/www.casa-excelente.com\/wp-content\/uploads\/2023\/04\/torremolinos-ambiente.jpg 600w, https:\/\/www.casa-excelente.com\/wp-content\/uploads\/2023\/04\/torremolinos-ambiente-300x200.jpg 300w, https:\/\/www.casa-excelente.com\/wp-content\/uploads\/2023\/04\/torremolinos-ambiente-105x70.jpg 105w\" sizes=\"(max-width: 600px) 100vw, 600px\" \/>\t\t\t\t\t\t\t\t<\/a>\n\t\t\t\t\t\t\t\t\t\t\t\t\t\t\t<\/div>\n\t\t\t\t<\/div>\n\t\t\t\t<div class=\"elementor-element elementor-element-1b551d8 elementor-widget elementor-widget-text-editor\" data-id=\"1b551d8\" data-element_type=\"widget\" data-widget_type=\"text-editor.default\">\n\t\t\t\t<div class=\"elementor-widget-container\">\n\t\t\t\t\t\t\t<p style=\"text-align: center;\">Torremolinos Zentrum<\/p>\t\t\t\t\t\t<\/div>\n\t\t\t\t<\/div>\n\t\t\t\t\t<\/div>\n\t\t<\/div>\n\t\t\t\t\t\t\t<\/div>\n\t\t<\/section>\n\t\t\t\t\t\t\t<\/div>\n\t\t","protected":false},"excerpt":{"rendered":"<p>Torremolinos Torremolinos ist einer der gr\u00f6\u00dften und ber\u00fchmtesten Ferienorte an der Costa del Sol. Torremolinos scheint auf den ersten Blick nicht besonders attraktiv, aber der Ort zeigt verschiedene Seiten: zum einen die Baus\u00fcnden der 60er und 70er Jahre mit den vielen einfach in die H\u00f6he gebauten Hotels, zum anderen gibt es auch Viertel mit kleineren Hotels und Anlagen. An den Str\u00e4nden gibt es jede &#8230;<\/p>\n","protected":false},"author":1,"featured_media":35205,"parent":0,"menu_order":0,"comment_status":"closed","ping_status":"closed","template":"elementor_header_footer","meta":{"footnotes":""},"yoast_head":"<!-- This site is optimized with the Yoast SEO Premium plugin v20.7 (Yoast SEO v20.13) - https:\/\/yoast.com\/wordpress\/plugins\/seo\/ -->\n<title>Torremolinos - Casa Excelente<\/title>\n<meta name=\"robots\" content=\"index, follow, max-snippet:-1, max-image-preview:large, max-video-preview:-1\" \/>\n<link rel=\"canonical\" href=\"https:\/\/www.casa-excelente.com\/de\/torremolinos\/\" \/>\n<meta property=\"og:locale\" content=\"de_DE\" \/>\n<meta property=\"og:type\" content=\"article\" \/>\n<meta property=\"og:title\" content=\"Torremolinos\" \/>\n<meta property=\"og:description\" content=\"Torremolinos Torremolinos ist einer der gr\u00f6\u00dften und ber\u00fchmtesten Ferienorte an der Costa del Sol. Torremolinos scheint auf den ersten Blick nicht besonders attraktiv, aber der Ort zeigt verschiedene Seiten: zum einen die Baus\u00fcnden der 60er und 70er Jahre mit den vielen einfach in die H\u00f6he gebauten Hotels, zum anderen gibt es auch Viertel mit kleineren Hotels und Anlagen. An den Str\u00e4nden gibt es jede ...\" \/>\n<meta property=\"og:url\" content=\"https:\/\/www.casa-excelente.com\/de\/torremolinos\/\" \/>\n<meta property=\"og:site_name\" content=\"Casa Excelente\" \/>\n<meta property=\"article:modified_time\" content=\"2023-06-08T10:52:14+00:00\" \/>\n<meta property=\"og:image\" content=\"https:\/\/casa-excelente.com\/wp-content\/uploads\/2023\/04\/playa-torremolinos.jpg\" \/>\n<meta name=\"twitter:card\" content=\"summary_large_image\" \/>\n<meta name=\"twitter:label1\" content=\"Gesch\u00e4tzte Lesezeit\" \/>\n\t<meta name=\"twitter:data1\" content=\"1 Minute\" \/>\n<script type=\"application\/ld+json\" class=\"yoast-schema-graph\">{\"@context\":\"https:\/\/schema.org\",\"@graph\":[{\"@type\":\"WebPage\",\"@id\":\"https:\/\/www.casa-excelente.com\/de\/torremolinos\/\",\"url\":\"https:\/\/www.casa-excelente.com\/de\/torremolinos\/\",\"name\":\"Torremolinos - Casa Excelente\",\"isPartOf\":{\"@id\":\"https:\/\/www.casa-excelente.com\/#website\"},\"datePublished\":\"2023-01-31T09:36:17+00:00\",\"dateModified\":\"2023-06-08T10:52:14+00:00\",\"breadcrumb\":{\"@id\":\"https:\/\/www.casa-excelente.com\/de\/torremolinos\/#breadcrumb\"},\"inLanguage\":\"de-DE\",\"potentialAction\":[{\"@type\":\"ReadAction\",\"target\":[\"https:\/\/www.casa-excelente.com\/de\/torremolinos\/\"]}]},{\"@type\":\"BreadcrumbList\",\"@id\":\"https:\/\/www.casa-excelente.com\/de\/torremolinos\/#breadcrumb\",\"itemListElement\":[{\"@type\":\"ListItem\",\"position\":1,\"name\":\"Home\",\"item\":\"https:\/\/www.casa-excelente.com\/\"},{\"@type\":\"ListItem\",\"position\":2,\"name\":\"Torremolinos\"}]},{\"@type\":\"WebSite\",\"@id\":\"https:\/\/www.casa-excelente.com\/#website\",\"url\":\"https:\/\/www.casa-excelente.com\/\",\"name\":\"Casa Excelente\",\"description\":\"\",\"potentialAction\":[{\"@type\":\"SearchAction\",\"target\":{\"@type\":\"EntryPoint\",\"urlTemplate\":\"https:\/\/www.casa-excelente.com\/?s={search_term_string}\"},\"query-input\":\"required name=search_term_string\"}],\"inLanguage\":\"de-DE\"}]}<\/script>\n<!-- \/ Yoast SEO Premium plugin. -->","yoast_head_json":{"title":"Torremolinos - Casa Excelente","robots":{"index":"index","follow":"follow","max-snippet":"max-snippet:-1","max-image-preview":"max-image-preview:large","max-video-preview":"max-video-preview:-1"},"canonical":"https:\/\/www.casa-excelente.com\/de\/torremolinos\/","og_locale":"de_DE","og_type":"article","og_title":"Torremolinos","og_description":"Torremolinos Torremolinos ist einer der gr\u00f6\u00dften und ber\u00fchmtesten Ferienorte an der Costa del Sol. Torremolinos scheint auf den ersten Blick nicht besonders attraktiv, aber der Ort zeigt verschiedene Seiten: zum einen die Baus\u00fcnden der 60er und 70er Jahre mit den vielen einfach in die H\u00f6he gebauten Hotels, zum anderen gibt es auch Viertel mit kleineren Hotels und Anlagen. An den Str\u00e4nden gibt es jede ...","og_url":"https:\/\/www.casa-excelente.com\/de\/torremolinos\/","og_site_name":"Casa Excelente","article_modified_time":"2023-06-08T10:52:14+00:00","og_image":[{"url":"https:\/\/casa-excelente.com\/wp-content\/uploads\/2023\/04\/playa-torremolinos.jpg"}],"twitter_card":"summary_large_image","twitter_misc":{"Gesch\u00e4tzte Lesezeit":"1 Minute"},"schema":{"@context":"https:\/\/schema.org","@graph":[{"@type":"WebPage","@id":"https:\/\/www.casa-excelente.com\/de\/torremolinos\/","url":"https:\/\/www.casa-excelente.com\/de\/torremolinos\/","name":"Torremolinos - Casa Excelente","isPartOf":{"@id":"https:\/\/www.casa-excelente.com\/#website"},"datePublished":"2023-01-31T09:36:17+00:00","dateModified":"2023-06-08T10:52:14+00:00","breadcrumb":{"@id":"https:\/\/www.casa-excelente.com\/de\/torremolinos\/#breadcrumb"},"inLanguage":"de-DE","potentialAction":[{"@type":"ReadAction","target":["https:\/\/www.casa-excelente.com\/de\/torremolinos\/"]}]},{"@type":"BreadcrumbList","@id":"https:\/\/www.casa-excelente.com\/de\/torremolinos\/#breadcrumb","itemListElement":[{"@type":"ListItem","position":1,"name":"Home","item":"https:\/\/www.casa-excelente.com\/"},{"@type":"ListItem","position":2,"name":"Torremolinos"}]},{"@type":"WebSite","@id":"https:\/\/www.casa-excelente.com\/#website","url":"https:\/\/www.casa-excelente.com\/","name":"Casa Excelente","description":"","potentialAction":[{"@type":"SearchAction","target":{"@type":"EntryPoint","urlTemplate":"https:\/\/www.casa-excelente.com\/?s={search_term_string}"},"query-input":"required name=search_term_string"}],"inLanguage":"de-DE"}]}},"_links":{"self":[{"href":"https:\/\/www.casa-excelente.com\/de\/wp-json\/wp\/v2\/pages\/33020"}],"collection":[{"href":"https:\/\/www.casa-excelente.com\/de\/wp-json\/wp\/v2\/pages"}],"about":[{"href":"https:\/\/www.casa-excelente.com\/de\/wp-json\/wp\/v2\/types\/page"}],"author":[{"embeddable":true,"href":"https:\/\/www.casa-excelente.com\/de\/wp-json\/wp\/v2\/users\/1"}],"replies":[{"embeddable":true,"href":"https:\/\/www.casa-excelente.com\/de\/wp-json\/wp\/v2\/comments?post=33020"}],"version-history":[{"count":41,"href":"https:\/\/www.casa-excelente.com\/de\/wp-json\/wp\/v2\/pages\/33020\/revisions"}],"predecessor-version":[{"id":34453,"href":"https:\/\/www.casa-excelente.com\/de\/wp-json\/wp\/v2\/pages\/33020\/revisions\/34453"}],"wp:featuredmedia":[{"embeddable":true,"href":"https:\/\/www.casa-excelente.com\/de\/wp-json\/wp\/v2\/media\/35205"}],"wp:attachment":[{"href":"https:\/\/www.casa-excelente.com\/de\/wp-json\/wp\/v2\/media?parent=33020"}],"curies":[{"name":"wp","href":"https:\/\/api.w.org\/{rel}","templated":true}]}}